{"id":815,"date":"2020-02-25T03:34:09","date_gmt":"2020-02-25T02:34:09","guid":{"rendered":"http:\/\/koza-yoga.com\/?page_id=815"},"modified":"2026-03-16T19:05:49","modified_gmt":"2026-03-16T23:05:49","slug":"yoga","status":"publish","type":"page","link":"https:\/\/koza-yoga.com\/index.php\/fr\/lesexperiences\/yoga\/","title":{"rendered":"Yoga"},"content":{"rendered":"\n<div class=\"wp-block-cover has-background-dim\"><img loading=\"lazy\" width=\"1161\" height=\"611\" class=\"wp-block-cover__image-background wp-image-3911\" alt=\"\" src=\"https:\/\/koza-yoga.com\/wp-content\/uploads\/2024\/05\/koza-yoga-yoga.png\" style=\"object-position:50% 38%\" data-object-fit=\"cover\" data-object-position=\"50% 38%\" srcset=\"https:\/\/koza-yoga.com\/wp-content\/uploads\/2024\/05\/koza-yoga-yoga.png 1161w, https:\/\/koza-yoga.com\/wp-content\/uploads\/2024\/05\/koza-yoga-yoga-300x158.png 300w, https:\/\/koza-yoga.com\/wp-content\/uploads\/2024\/05\/koza-yoga-yoga-1024x539.png 1024w, https:\/\/koza-yoga.com\/wp-content\/uploads\/2024\/05\/koza-yoga-yoga-768x404.png 768w\" sizes=\"(max-width: 1161px) 100vw, 1161px\" \/><div class=\"wp-block-cover__inner-container\">\n<p class=\"has-text-align-center has-large-font-size\">Yoga<\/p>\n\n\n\n<p class=\"has-text-align-center\">\u00c9quilibrer le corps et l&rsquo;esprit \u00e0 travers une pratique en mouvement ou immobile<\/p>\n<\/div><\/div>\n\n\n\n<div style=\"height:50px\" aria-hidden=\"true\" class=\"wp-block-spacer\"><\/div>\n\n\n\n<hr class=\"wp-block-separator has-text-color has-background has-luminous-vivid-amber-background-color has-luminous-vivid-amber-color is-style-dots\"\/>\n\n\n\n<div style=\"height:30px\" aria-hidden=\"true\" class=\"wp-block-spacer\"><\/div>\n\n\n\n<h4>S\u00e9ances priv\u00e9es<\/h4>\n\n\n\n<div style=\"height:20px\" aria-hidden=\"true\" class=\"wp-block-spacer\"><\/div>\n\n\n\n<div class=\"wp-block-columns\">\n<div class=\"wp-block-column\">\n<h5>Yin yoga<\/h5>\n\n\n\n<p>Douceur + relaxation + passivit\u00e9<\/p>\n\n\n\n<p><meta charset=\"utf-8\">Pratique passive explorant des postures au sol, maintenues de 3 \u00e0 5 minutes et pouvant \u00eatre adapt\u00e9es \u00e0 chacun \u00e0 l\u2019aide d\u2019accessoires. Le Yin Yoga cible la d\u00e9tente et l\u2019assouplissement des tissus conjonctifs profonds, ce qui permet l\u2019ouverture du corps et la d\u00e9tente de l\u2019esprit. <\/p>\n<\/div>\n\n\n\n<div class=\"wp-block-column\">\n<h5>Yoga a\u00e9rien<\/h5>\n\n\n\n<p>D\u00e9compression + flexibilit\u00e9 + renforcement<\/p>\n\n\n\n<p><meta charset=\"utf-8\">Soutenu.e par le hamac, cette pratique est \u00e0 la fois active et passive. Vous explorerez des postures au sol et debout avec le hamac comme soutien. Vous exp\u00e9rimenterez la pesanteur et le l\u00e2cher-prise pour la partie passive de ce type de yoga. D&rsquo;un autre c\u00f4t\u00e9, vous renforcerez et assouplirez l&rsquo;int\u00e9gralit\u00e9 de votre corps tout en travaillant sur vos alignements et votre gamme de mouvement pour am\u00e9liorer votre mobilit\u00e9.<\/p>\n<\/div>\n\n\n\n<div class=\"wp-block-column\">\n<h5>Hatha yoga<\/h5>\n\n\n\n<p>Ancrage + conscience + focus<\/p>\n\n\n\n<p><meta charset=\"utf-8\">S\u00e9ance \u00e9nergique d\u00e9butant par un \u00e9chauffement au sol, suivi d\u2019un flow debout et terminant par un \u00ab&nbsp;cool down&nbsp;\u00bb et une relaxation finale au sol. Ces s\u00e9ances visent \u00e0 harmoniser et \u00e9quilibrer les forces oppos\u00e9es (\u00e9nergie masculine\/f\u00e9minine ; syst\u00e8me nerveux sympathique\/parasympathique\u2026) pour cr\u00e9er une puret\u00e9 et un \u00e9quilibre physique et mental.<\/p>\n<\/div>\n<\/div>\n\n\n\n<div class=\"wp-block-columns\">\n<div class=\"wp-block-column\">\n<h5>Vinyasa yoga<\/h5>\n\n\n\n<p>Exploration + mouvement + dynamisme<\/p>\n\n\n\n<p><meta charset=\"utf-8\"><meta charset=\"utf-8\">S\u00e9ance dynamique de 60 minutes compos\u00e9es d\u2019une s\u00e9quence cr\u00e9ative de postures \u2013 asanas &#8211; synchronisant le flow de la respiration avec le mouvement du corps. Cette synchronisation est initi\u00e9e par le soul\u00e8vement, l\u2019allongement et l\u2019ouverture du corps gr\u00e2ce \u00e0 chacune des inspirations puis compl\u00e9t\u00e9e \u00e0 travers l\u2019exp\u00e9rience de stabilisation et d\u2019ancrage de chaque expiration. Une exp\u00e9rience du Yoga est recommand\u00e9e pour ces s\u00e9ances afin d\u2019avoir une bonne compr\u00e9hension g\u00e9n\u00e9rale des postures et des indications. <\/p>\n<\/div>\n\n\n\n<div class=\"wp-block-column\">\n<h5>Yoga pr\u00e9natal<\/h5>\n\n\n\n<p>Transformatif + encouragement + harmonie<\/p>\n\n\n\n<p><meta charset=\"utf-8\"><meta charset=\"utf-8\">\u00catre enceinte est une exp\u00e9rience int\u00e9grale. C\u2019est la p\u00e9riode la plus importante dans la vie d\u2019une femme pour aligner les diff\u00e9rentes dimensions de son \u00eatre. Le but \u00e9tant d\u2019accueillir une nouvelle \u00e2me dans ce monde. \u00c0 travers la pratique du Yoga pr\u00e9natal, la maman en devenir va accueillir la grossesse en cr\u00e9ant un \u00e9tat de bien-\u00eatre optimal. Koza Yoga va encourager les femmes enceintes, ainsi que leur partenaire, dans ce voyage transformatif \u00e0 la maternit\u00e9 et paternit\u00e9, \u00e0 travers une classe de 60 minutes, sp\u00e9cifiquement cr\u00e9\u00e9e pour les besoins des futures mamans.<\/p>\n<\/div>\n\n\n\n<div class=\"wp-block-column\">\n<h5>Yoga post-natal<\/h5>\n\n\n\n<p>Douceur + restauration + r\u00e9\u00e9quilibre<\/p>\n\n\n\n<p><meta charset=\"utf-8\"><meta charset=\"utf-8\">Le yoga post-natal est une belle fa\u00e7on de r\u00e9tablir l&rsquo;\u00e9quilibre naturel du corps et de promouvoir le bien-\u00eatre, pour permettre \u00e0 la nouvelle maman de profiter de la merveilleuse exp\u00e9rience de la maternit\u00e9. Les principaux objectifs de cette s\u00e9ance de 60 minutes, sp\u00e9cifiquement con\u00e7ue pour les nouvelles mamans, seront la pratique d\u2019un yoga doux pour restaurer force et stabilit\u00e9 dans tout le corps, apr\u00e8s la p\u00e9riode de demande de la grossesse.<\/p>\n<\/div>\n<\/div>\n\n\n\n<div style=\"height:30px\" aria-hidden=\"true\" class=\"wp-block-spacer\"><\/div>\n\n\n\n<hr class=\"wp-block-separator has-text-color has-background has-luminous-vivid-amber-background-color has-luminous-vivid-amber-color is-style-default\"\/>\n\n\n\n<div style=\"height:30px\" aria-hidden=\"true\" class=\"wp-block-spacer\"><\/div>\n\n\n\n<h4 class=\"has-text-align-left\">Comment se d\u00e9roule une s\u00e9ance de yoga priv\u00e9e avec Floriann de Koza Yoga ?<\/h4>\n\n\n\n<div style=\"height:20px\" aria-hidden=\"true\" class=\"wp-block-spacer\"><\/div>\n\n\n\n<p>J&rsquo;honore la pratique du yoga comme une m\u00e9ditation passive ou dynamique selon le type de yoga. <\/p>\n\n\n\n<p>Toutes les s\u00e9ances sont compos\u00e9es :<\/p>\n\n\n\n<ul><li>d&rsquo;un temps de recentrage et de m\u00e9ditation<\/li><li>de pranayama (techniques de respiration)<\/li><li>d&rsquo;un \u00e9chauffement au sol<\/li><li>de postures (asanas)<\/li><li>d&rsquo;\u00e9tirements au sol<\/li><li>d&rsquo;une relaxation finale<\/li><\/ul>\n\n\n\n<p>Cette subtile combinaison a pour but d&rsquo;installer une connexion durable entre votre corps et votre esprit pour apporter force, souplesse, espace et \u00e9quilibre dans tout votre \u00eatre.<\/p>\n\n\n\n<p>Apr\u00e8s chaque s\u00e9ance, vous vous sentirez relax\u00e9.e.s, recentr\u00e9.e.s et rempli.e.s d\u2019\u00e9nergie.<\/p>\n\n\n\n<p><\/p>\n\n\n\n<p>Pour r\u00e9server une s\u00e9ance de yoga priv\u00e9e, contactez Floriann de Koza Yoga \u00e0 info@koza-yoga.com<\/p>\n\n\n\n<script>\n  (function (s, e, n, d, er) {\n    s['Sender'] = er;\n    s[er] = s[er] || function () {\n      (s[er].q = s[er].q || []).push(arguments)\n    }, s[er].l = 1 * new Date();\n    var a = e.createElement(n),\n        m = e.getElementsByTagName(n)[0];\n    a.async = 1;\n    a.src = d;\n","protected":false},"excerpt":{"rendered":"<p>S\u00e9ances priv\u00e9es Yin yoga Douceur + relaxation + passivit\u00e9 Pratique passive explorant des postures au sol, maintenues de 3 \u00e0 5 minutes et pouvant \u00eatre adapt\u00e9es \u00e0 chacun \u00e0 l\u2019aide d\u2019accessoires. Le Yin Yoga cible la d\u00e9tente et l\u2019assouplissement des tissus conjonctifs profonds, ce qui permet l\u2019ouverture du corps et la d\u00e9tente de l\u2019esprit. Yoga<\/p>\n<div><a class=\"btn-filled btn\" href=\"https:\/\/koza-yoga.com\/index.php\/fr\/lesexperiences\/yoga\/\" title=\"Yoga\">Lire la suite<\/a><\/div>\n","protected":false},"author":1,"featured_media":0,"parent":2307,"menu_order":2,"comment_status":"closed","ping_status":"closed","template":"page-templates\/full-width.php","meta":[],"_links":{"self":[{"href":"https:\/\/koza-yoga.com\/index.php\/wp-json\/wp\/v2\/pages\/815"}],"collection":[{"href":"https:\/\/koza-yoga.com\/index.php\/wp-json\/wp\/v2\/pages"}],"about":[{"href":"https:\/\/koza-yoga.com\/index.php\/wp-json\/wp\/v2\/types\/page"}],"author":[{"embeddable":true,"href":"https:\/\/koza-yoga.com\/index.php\/wp-json\/wp\/v2\/users\/1"}],"replies":[{"embeddable":true,"href":"https:\/\/koza-yoga.com\/index.php\/wp-json\/wp\/v2\/comments?post=815"}],"version-history":[{"count":178,"href":"https:\/\/koza-yoga.com\/index.php\/wp-json\/wp\/v2\/pages\/815\/revisions"}],"predecessor-version":[{"id":4411,"href":"https:\/\/koza-yoga.com\/index.php\/wp-json\/wp\/v2\/pages\/815\/revisions\/4411"}],"up":[{"embeddable":true,"href":"https:\/\/koza-yoga.com\/index.php\/wp-json\/wp\/v2\/pages\/2307"}],"wp:attachment":[{"href":"https:\/\/koza-yoga.com\/index.php\/wp-json\/wp\/v2\/media?parent=815"}],"curies":[{"name":"wp","href":"https:\/\/api.w.org\/{rel}","templated":true}]}}