{"id":772,"date":"2020-02-25T02:27:42","date_gmt":"2020-02-25T01:27:42","guid":{"rendered":"http:\/\/koza-yoga.com\/?page_id=772"},"modified":"2026-03-16T19:23:07","modified_gmt":"2026-03-16T23:23:07","slug":"a-propos","status":"publish","type":"page","link":"https:\/\/koza-yoga.com\/index.php\/fr\/a-propos\/","title":{"rendered":"\u00c0 propos"},"content":{"rendered":"\n<div class=\"wp-block-cover has-background-dim\"><img loading=\"lazy\" width=\"2560\" height=\"1701\" class=\"wp-block-cover__image-background wp-image-3892\" alt=\"\" src=\"https:\/\/koza-yoga.com\/wp-content\/uploads\/2024\/05\/Done-DSC09405retocada-scaled.jpg\" style=\"object-position:48% 64%\" data-object-fit=\"cover\" data-object-position=\"48% 64%\" srcset=\"https:\/\/koza-yoga.com\/wp-content\/uploads\/2024\/05\/Done-DSC09405retocada-scaled.jpg 2560w, https:\/\/koza-yoga.com\/wp-content\/uploads\/2024\/05\/Done-DSC09405retocada-300x199.jpg 300w, https:\/\/koza-yoga.com\/wp-content\/uploads\/2024\/05\/Done-DSC09405retocada-1024x680.jpg 1024w, https:\/\/koza-yoga.com\/wp-content\/uploads\/2024\/05\/Done-DSC09405retocada-768x510.jpg 768w, https:\/\/koza-yoga.com\/wp-content\/uploads\/2024\/05\/Done-DSC09405retocada-1536x1020.jpg 1536w, https:\/\/koza-yoga.com\/wp-content\/uploads\/2024\/05\/Done-DSC09405retocada-2048x1361.jpg 2048w\" sizes=\"(max-width: 2560px) 100vw, 2560px\" \/><div class=\"wp-block-cover__inner-container\">\n<p class=\"has-text-align-center has-large-font-size\">\u00c0 propos<\/p>\n<\/div><\/div>\n\n\n\n<div style=\"height:50px\" aria-hidden=\"true\" class=\"wp-block-spacer\"><\/div>\n\n\n\n<hr class=\"wp-block-separator has-text-color has-background has-pale-pink-background-color has-pale-pink-color\"\/>\n\n\n\n<div style=\"height:30px\" aria-hidden=\"true\" class=\"wp-block-spacer\"><\/div>\n\n\n\n<h4 class=\"has-text-align-left\">La fondatrice<\/h4>\n\n\n\n<div style=\"height:20px\" aria-hidden=\"true\" class=\"wp-block-spacer\"><\/div>\n\n\n\n<div class=\"wp-block-columns\">\n<div class=\"wp-block-column\">\n<h5>Biographie<\/h5>\n\n\n\n<p>Je m&rsquo;appelle Floriann, je suis la fondatrice de Koza Yoga. Je suis n\u00e9e en Martinique et ai grandit en France, en Martinique et en Guyane. C\u2019est lors de mes nombreux voyages \u00e0 travers le monde que j&rsquo;ai naturellement trouv\u00e9 ma voie dans le yoga lorsque je vivais en Australie en 2016.<\/p>\n\n\n\n<p>J&rsquo;ai travaill\u00e9 en tant que professeure de yoga dans diverses structures \u00e0 travers le monde &#8211; en Australie, en Indon\u00e9sie, au Maroc, en Nouvelle Z\u00e9lande -, dans des studios et des centres de retraites de yoga, des surf \u00e9co lodges, des \u00e9coles, des jardins d\u2019enfants, des entreprises et des h\u00f4tels.<\/p>\n\n\n\n<p>Install\u00e9e en Martinique, sur ma terre natale, c\u2019est avec une joie immense que je partage mon exp\u00e9rience, mes connaissances et une multitude de pratiques li\u00e9es au bien-\u00eatre avec vous.<\/p>\n<\/div>\n\n\n\n<div class=\"wp-block-column\">\n<h5>Philosophie<\/h5>\n\n\n\n<p>Je vous guide \u00e0 \u00ab\u00a0l&rsquo;art de prendre soin de soi\u00a0\u00bb dans votre globalit\u00e9 avec uniquement des pratiques douces au service de votre bien-\u00eatre.<\/p>\n\n\n\n<p>Ces pratiques peuvent amener au mouvement, \u00e0 l&rsquo;immobilit\u00e9 ou \u00e0 l&rsquo;introspection. <\/p>\n\n\n\n<p>Elles se manifestent \u00e0 travers les postures (yogasanas), la respiration, la m\u00e9ditation, la relaxation, la pleine conscience, le l\u00e2cher-prise, la sonoth\u00e9rapie, l&rsquo;olfactoth\u00e9rapie, l&rsquo;\u00e9criture intuitive, la marche m\u00e9ditative, la contemplation, la danse intuitive, la nourriture d&rsquo;origine v\u00e9g\u00e9tale, les rituels nourriciers, les rituels astronomiques et autres rituels, les retraites de yoga, les croisi\u00e8res yoga et les ateliers de cuisine v\u00e9g\u00e9talienne.<\/p>\n<\/div>\n\n\n\n<div class=\"wp-block-column\">\n<h5>Qualifications<\/h5>\n\n\n\n<p><strong>Mai 2018<\/strong><\/p>\n\n\n\n<p>Formation de <strong>professeur de yoga<\/strong> \u00e0 Rishikesh en Inde<\/p>\n\n\n\n<p><strong>Avril 2019<\/strong><\/p>\n\n\n\n<p>Formation de <strong>yoga a\u00e9rien<\/strong> au Maroc<\/p>\n\n\n\n<p><strong>Septembre 2019<\/strong><\/p>\n\n\n\n<p>Formation de yoga pr\u00e9-natal, postnatal, yoga pour les enfants et pour les adolescents en Indon\u00e9sie<\/p>\n\n\n\n<p><strong>Juillet 2021<\/strong><\/p>\n\n\n\n<p>Formation de <strong>sonoth\u00e9rapie<\/strong> en Martinique<\/p>\n\n\n\n<p><strong>Juillet 2024<\/strong><\/p>\n\n\n\n<p>Formation de <strong>massage Zentha\u00ef Shiatsu<\/strong> en Belgique<\/p>\n\n\n\n<p><strong>D\u00e9cembre 2024<\/strong><\/p>\n\n\n\n<p>Formation au <strong>massage traditionnel Tha\u00eflandais<\/strong> Nuad Boran en martinique<\/p>\n<\/div>\n<\/div>\n\n\n\n<div style=\"height:30px\" aria-hidden=\"true\" class=\"wp-block-spacer\"><\/div>\n\n\n\n<hr class=\"wp-block-separator has-text-color has-background has-pale-pink-background-color has-pale-pink-color\"\/>\n\n\n\n<div style=\"height:30px\" aria-hidden=\"true\" class=\"wp-block-spacer\"><\/div>\n\n\n\n<h4 class=\"has-text-align-left\">Les exp\u00e9riences bien-\u00eatre<\/h4>\n\n\n\n<div style=\"height:20px\" aria-hidden=\"true\" class=\"wp-block-spacer\"><\/div>\n\n\n\n<div class=\"wp-block-columns\">\n<div class=\"wp-block-column\">\n<h5>Langues<\/h5>\n\n\n\n<p><meta charset=\"utf-8\">Toutes les exp\u00e9riences bien-\u00eatre &#8211; yoga, bain sonore, atelier de cuisine v\u00e9g\u00e9talienne, retraite et croisi\u00e8re &#8211; que je propose peuvent \u00eatre dispens\u00e9es en fran\u00e7ais ou en anglais.<\/p>\n<\/div>\n\n\n\n<div class=\"wp-block-column\">\n<h5>Lieu<\/h5>\n\n\n\n<p>Elles peuvent soit se d\u00e9rouler \u00e0 Koza Yoga Studio \u00e0 Cap Macr\u00e9 soit \u00e0 l&rsquo;endroit de votre choix.<\/p>\n<\/div>\n\n\n\n<div class=\"wp-block-column\">\n<h5>Publics<\/h5>\n\n\n\n<p><meta charset=\"utf-8\">J&rsquo;enseigne tant pour les particuliers que pour les entreprises.<\/p>\n\n\n\n<p>Chaque exp\u00e9rience peut \u00eatre pour une personne ou bien pour un groupe.<\/p>\n<\/div>\n<\/div>\n\n\n\n<div style=\"height:20px\" aria-hidden=\"true\" class=\"wp-block-spacer\"><\/div>\n\n\n\n<p>Pour r\u00e9server votre exp\u00e9rience, seul.e ou en groupe, contactez-moi : Floriann de Koza Yoga \u00e0 info@koza-yoga.com<\/p>\n\n\n\n<div style=\"height:30px\" aria-hidden=\"true\" class=\"wp-block-spacer\"><\/div>\n\n\n\n<hr class=\"wp-block-separator has-text-color has-background has-pale-pink-background-color has-pale-pink-color\"\/>\n\n\n\n<div style=\"height:30px\" aria-hidden=\"true\" class=\"wp-block-spacer\"><\/div>\n\n\n\n<p><strong><a href=\"http:\/\/koza-yoga.com\/wp-content\/uploads\/2024\/05\/Plaquette_de_presentation_Koza_Yoga.pdf\" target=\"_blank\" rel=\"noreferrer noopener\">T\u00e9l\u00e9charger la plaquette de pr\u00e9sentation de Koza Yoga.<\/a><\/strong><\/p>\n\n\n\n<script>\n  (function (s, e, n, d, er) {\n    s['Sender'] = er;\n    s[er] = s[er] || function () {\n      (s[er].q = s[er].q || []).push(arguments)\n    }, s[er].l = 1 * new Date();\n    var a = e.createElement(n),\n        m = e.getElementsByTagName(n)[0];\n    a.async = 1;\n    a.src = d;\n    m.parentNode.insertBefore(a, m)\n  })(window, document, 'script', 'https:\/\/cdn.sender.net\/accounts_resources\/universal.js', 'sender');\n  sender('d63ccc24592754')\n<\/script>\n","protected":false},"excerpt":{"rendered":"<p>La fondatrice Biographie Je m&rsquo;appelle Floriann, je suis la fondatrice de Koza Yoga. Je suis n\u00e9e en Martinique et ai grandit en France, en Martinique et en Guyane. C\u2019est lors de mes nombreux voyages \u00e0 travers le monde que j&rsquo;ai naturellement trouv\u00e9 ma voie dans le yoga lorsque je vivais en Australie en 2016. J&rsquo;ai<\/p>\n<div><a class=\"btn-filled btn\" href=\"https:\/\/koza-yoga.com\/index.php\/fr\/a-propos\/\" title=\"\u00c0 propos\">Lire la suite<\/a><\/div>\n","protected":false},"author":1,"featured_media":0,"parent":0,"menu_order":0,"comment_status":"closed","ping_status":"closed","template":"page-templates\/full-width.php","meta":[],"_links":{"self":[{"href":"https:\/\/koza-yoga.com\/index.php\/wp-json\/wp\/v2\/pages\/772"}],"collection":[{"href":"https:\/\/koza-yoga.com\/index.php\/wp-json\/wp\/v2\/pages"}],"about":[{"href":"https:\/\/koza-yoga.com\/index.php\/wp-json\/wp\/v2\/types\/page"}],"author":[{"embeddable":true,"href":"https:\/\/koza-yoga.com\/index.php\/wp-json\/wp\/v2\/users\/1"}],"replies":[{"embeddable":true,"href":"https:\/\/koza-yoga.com\/index.php\/wp-json\/wp\/v2\/comments?post=772"}],"version-history":[{"count":73,"href":"https:\/\/koza-yoga.com\/index.php\/wp-json\/wp\/v2\/pages\/772\/revisions"}],"predecessor-version":[{"id":4420,"href":"https:\/\/koza-yoga.com\/index.php\/wp-json\/wp\/v2\/pages\/772\/revisions\/4420"}],"wp:attachment":[{"href":"https:\/\/koza-yoga.com\/index.php\/wp-json\/wp\/v2\/media?parent=772"}],"curies":[{"name":"wp","href":"https:\/\/api.w.org\/{rel}","templated":true}]}}