{"id":769,"date":"2020-02-25T02:18:28","date_gmt":"2020-02-25T01:18:28","guid":{"rendered":"http:\/\/koza-yoga.com\/?page_id=769"},"modified":"2026-03-16T19:24:34","modified_gmt":"2026-03-16T23:24:34","slug":"contactez-nous","status":"publish","type":"page","link":"https:\/\/koza-yoga.com\/index.php\/fr\/contactez-nous\/","title":{"rendered":"Contact"},"content":{"rendered":"\n<h3 class=\"has-text-align-center\">Contact<\/h3>\n\n\n\n<hr class=\"wp-block-separator is-style-dots\"\/>\n\n\n\n<h4 class=\"has-text-align-center\">FLORIANN, de Koza Yoga<\/h4>\n\n\n\n<hr class=\"wp-block-separator is-style-dots\"\/>\n\n\n\n<h3 class=\"has-text-align-center\">Email<\/h3>\n\n\n\n<h4 class=\"has-text-align-center\"><a href=\"mailto:info@koza-yoga.com\" target=\"_blank\" rel=\"noreferrer noopener\" aria-label=\" (s\u2019ouvre dans un nouvel onglet)\">info@koza-yoga.com<\/a><\/h4>\n\n\n\n<hr class=\"wp-block-separator is-style-dots\"\/>\n\n\n\n<h3 class=\"has-text-align-center\">Instagram<\/h3>\n\n\n\n<h4 class=\"has-text-align-center\"><a href=\"https:\/\/www.instagram.com\/koza_yoga\/\" target=\"_blank\" rel=\"noreferrer noopener\" aria-label=\"@koza_yoga (s\u2019ouvre dans un nouvel onglet)\">@koza_yoga<\/a><\/h4>\n\n\n\n<hr class=\"wp-block-separator is-style-dots\"\/>\n\n\n\n<h3 class=\"has-text-align-center\">Facebook<\/h3>\n\n\n\n<h4 class=\"has-text-align-center\"><a rel=\"noreferrer noopener\" href=\"https:\/\/www.facebook.com\/profile.php?id=61555929287499\" target=\"_blank\">Koza Yoga<\/a><\/h4>\n\n\n\n<hr class=\"wp-block-separator is-style-dots\"\/>\n\n\n\n<h3 class=\"has-text-align-center\">Plaquette de pr\u00e9sentation<\/h3>\n\n\n\n<h4 class=\"has-text-align-center\"><a href=\"http:\/\/koza-yoga.com\/wp-content\/uploads\/2024\/05\/Plaquette_de_presentation_Koza_Yoga.pdf\" target=\"_blank\" rel=\"noreferrer noopener\">T\u00e9l\u00e9charger ici<\/a><\/h4>\n\n\n\n<hr class=\"wp-block-separator is-style-dots\"\/>\n\n\n\n<script>\n  (function (s, e, n, d, er) {\n    s['Sender'] = er;\n    s[er] = s[er] || function () {\n      (s[er].q = s[er].q || []).push(arguments)\n    }, s[er].l = 1 * new Date();\n    var a = e.createElement(n),\n        m = e.getElementsByTagName(n)[0];\n    a.async = 1;\n    a.src = d;\n    m.parentNode.insertBefore(a, m)\n  })(window, document, 'script', 'https:\/\/cdn.sender.net\/accounts_resources\/universal.js', 'sender');\n  sender('d63ccc24592754')\n<\/script>\n","protected":false},"excerpt":{"rendered":"<p>Contact FLORIANN, de Koza Yoga Email info@koza-yoga.com Instagram @koza_yoga Facebook Koza Yoga Plaquette de pr\u00e9sentation T\u00e9l\u00e9charger ici<\/p>\n","protected":false},"author":1,"featured_media":0,"parent":0,"menu_order":0,"comment_status":"closed","ping_status":"closed","template":"page-templates\/full-width.php","meta":[],"_links":{"self":[{"href":"https:\/\/koza-yoga.com\/index.php\/wp-json\/wp\/v2\/pages\/769"}],"collection":[{"href":"https:\/\/koza-yoga.com\/index.php\/wp-json\/wp\/v2\/pages"}],"about":[{"href":"https:\/\/koza-yoga.com\/index.php\/wp-json\/wp\/v2\/types\/page"}],"author":[{"embeddable":true,"href":"https:\/\/koza-yoga.com\/index.php\/wp-json\/wp\/v2\/users\/1"}],"replies":[{"embeddable":true,"href":"https:\/\/koza-yoga.com\/index.php\/wp-json\/wp\/v2\/comments?post=769"}],"version-history":[{"count":32,"href":"https:\/\/koza-yoga.com\/index.php\/wp-json\/wp\/v2\/pages\/769\/revisions"}],"predecessor-version":[{"id":4421,"href":"https:\/\/koza-yoga.com\/index.php\/wp-json\/wp\/v2\/pages\/769\/revisions\/4421"}],"wp:attachment":[{"href":"https:\/\/koza-yoga.com\/index.php\/wp-json\/wp\/v2\/media?parent=769"}],"curies":[{"name":"wp","href":"https:\/\/api.w.org\/{rel}","templated":true}]}}