{"id":3796,"date":"2024-05-17T14:58:48","date_gmt":"2024-05-17T18:58:48","guid":{"rendered":"https:\/\/koza-yoga.com\/?page_id=3796"},"modified":"2026-03-16T19:28:47","modified_gmt":"2026-03-16T23:28:47","slug":"atelierdecuisinevegetalienne","status":"publish","type":"page","link":"https:\/\/koza-yoga.com\/index.php\/fr\/lesexperiences\/atelierdecuisinevegetalienne\/","title":{"rendered":"Atelier de cuisine"},"content":{"rendered":"\n<div class=\"wp-block-cover has-background-dim\"><img loading=\"lazy\" width=\"1086\" height=\"724\" class=\"wp-block-cover__image-background wp-image-3797\" alt=\"\" src=\"https:\/\/koza-yoga.com\/wp-content\/uploads\/2024\/05\/atelier_cuisine_vegetalienne.jpg\" data-object-fit=\"cover\" srcset=\"https:\/\/koza-yoga.com\/wp-content\/uploads\/2024\/05\/atelier_cuisine_vegetalienne.jpg 1086w, https:\/\/koza-yoga.com\/wp-content\/uploads\/2024\/05\/atelier_cuisine_vegetalienne-300x200.jpg 300w, https:\/\/koza-yoga.com\/wp-content\/uploads\/2024\/05\/atelier_cuisine_vegetalienne-1024x683.jpg 1024w, https:\/\/koza-yoga.com\/wp-content\/uploads\/2024\/05\/atelier_cuisine_vegetalienne-768x512.jpg 768w\" sizes=\"(max-width: 1086px) 100vw, 1086px\" \/><div class=\"wp-block-cover__inner-container\">\n<h3 class=\"has-text-align-center\">Atelier de<\/h3>\n\n\n\n<h3 class=\"has-text-align-center\">CUISINE V\u00c9G\u00c9TALIENNE<\/h3>\n\n\n\n<p class=\"has-text-align-center\"><meta charset=\"utf-8\">\u00ab\u00a0Que ton aliment soit ta seule m\u00e9decine\u00a0\u00bb, Hippocrate<\/p>\n<\/div><\/div>\n\n\n\n<div style=\"height:60px\" aria-hidden=\"true\" class=\"wp-block-spacer\"><\/div>\n\n\n\n<hr class=\"wp-block-separator has-text-color has-background has-vivid-green-cyan-background-color has-vivid-green-cyan-color is-style-dots\"\/>\n\n\n\n<div style=\"height:30px\" aria-hidden=\"true\" class=\"wp-block-spacer\"><\/div>\n\n\n\n<h4>Le v\u00e9g\u00e9talisme<\/h4>\n\n\n\n<div style=\"height:20px\" aria-hidden=\"true\" class=\"wp-block-spacer\"><\/div>\n\n\n\n<div class=\"wp-block-columns\">\n<div class=\"wp-block-column\">\n<h5>Qu&rsquo;est-ce-que la cuisine v\u00e9g\u00e9talienne ?<\/h5>\n\n\n\n<p>La cuisine v\u00e9g\u00e9talienne ou v\u00e9g\u00e9talisme est un r\u00e9gime alimentaire o\u00f9 une personne se nourrit exclusivement d&rsquo;aliment d&rsquo;origine v\u00e9g\u00e9tale. Aucun aliment d&rsquo;origine animale n&rsquo;est consomm\u00e9 tel que la viande, le poisson, les oeufs, le lait, la cr\u00e8me, le beurre et le miel.<\/p>\n\n\n\n<p>Que mange donc une personne v\u00e9g\u00e9talienne ? <\/p>\n\n\n\n<p>L&rsquo;alimentation v\u00e9g\u00e9talienne reste tr\u00e8s vari\u00e9e avec la consommation : de c\u00e9r\u00e9ales, de l\u00e9gumineuses, de l\u00e9gumes, de verdures, de pousses, de champignons, de graines germ\u00e9es, d&rsquo;algues, de fruits frais, de fruits secs, de graines, d&rsquo;ol\u00e9agineux, de produits ferment\u00e9s, de tofu, de tempeh, de seitan (prot\u00e9ine v\u00e9g\u00e9tale fabriqu\u00e9e \u00e0 partir de gluten de bl\u00e9)&#8230;<\/p>\n<\/div>\n\n\n\n<div class=\"wp-block-column\">\n<h5>Quelles sont les diff\u00e9rences entre  v\u00e9g\u00e9tarien, v\u00e9g\u00e9talien et vegan ?<\/h5>\n\n\n\n<ul><li>Le v\u00e9g\u00e9tarisme est un r\u00e9gime alimentaire qui exclue les produits issus de l\u2019abattage des animaux. Ainsi, un v\u00e9g\u00e9tarien ne mange ni viande, ni poisson ou crustac\u00e9s.<\/li><li>Le v\u00e9g\u00e9talisme est un r\u00e9gime alimentaire qui en plus d\u2019exclure la viande et le poisson, exclut \u00e9galement tout ce qui est issu de la production\/exploitation animale. Un v\u00e9g\u00e9talien ne consomme donc ni oeufs, ni lait, ni miel ou tout autre ingr\u00e9dient dans lequel on peut trouver des graisses animales.<\/li><li>Le v\u00e9ganisme est quant \u00e0 lui, plus qu\u2019un r\u00e9gime alimentaire. Il s\u2019agit d\u2019un mode de vie qui englobe de ne pas consommer quoique ce soit qui provienne d\u2019un animal. Un vegan est donc une personne au r\u00e9gime alimentaire v\u00e9g\u00e9talien mais qui en plus n\u2019utilise aucun produit d\u2019origine animale dans tous les aspects de sa vie courante.<\/li><\/ul>\n<\/div>\n\n\n\n<div class=\"wp-block-column\">\n<h5><meta charset=\"utf-8\">Pourquoi proposer des ateliers de cuisine v\u00e9g\u00e9talienne ?<\/h5>\n\n\n\n<p>Pour apporter de l&rsquo;\u00e9quilibre dans votre alimentation !<\/p>\n\n\n\n<p>L&rsquo;homme est omnivore, c&rsquo;est \u00e0 dire qu&rsquo;il peut indiff\u00e9remment se nourrir d&rsquo;aliments d&rsquo;origine animale ou v\u00e9g\u00e9tale. <\/p>\n\n\n\n<p>L&rsquo;industrie alimentaire pr\u00f4ne en exc\u00e8s des aliments d&rsquo;origine animale et que trop peu de diversit\u00e9 au niveau des aliments d&rsquo;origine v\u00e9g\u00e9tale. <\/p>\n\n\n\n<p>\u00c0 travers les ateliers de cuisine v\u00e9g\u00e9talienne, je vous fais d\u00e9couvrir ou red\u00e9couvrir le monde des v\u00e9g\u00e9taux et comment utiliser ces produits pour manger plus sainement, augmenter votre \u00e9nergie vitale &#8211; avec des produits vivants &#8211; et alcaliniser votre alimentation.<\/p>\n\n\n\n<p>Tout est une question d\u2019\u00e9quilibre !<\/p>\n<\/div>\n<\/div>\n\n\n\n<div style=\"height:30px\" aria-hidden=\"true\" class=\"wp-block-spacer\"><\/div>\n\n\n\n<hr class=\"wp-block-separator has-text-color has-background has-vivid-green-cyan-background-color has-vivid-green-cyan-color\"\/>\n\n\n\n<div style=\"height:30px\" aria-hidden=\"true\" class=\"wp-block-spacer\"><\/div>\n\n\n\n<h4>Les ateliers de cuisine v\u00e9g\u00e9tale de Koza Yoga<\/h4>\n\n\n\n<div style=\"height:20px\" aria-hidden=\"true\" class=\"wp-block-spacer\"><\/div>\n\n\n\n<div class=\"wp-block-columns\">\n<div class=\"wp-block-column\">\n<figure class=\"wp-block-gallery columns-3 is-cropped\"><ul class=\"blocks-gallery-grid\"><li class=\"blocks-gallery-item\"><figure><img loading=\"lazy\" width=\"683\" height=\"1024\" src=\"https:\/\/koza-yoga.com\/wp-content\/uploads\/2024\/05\/ATELIER-CUISINEVEGETALIENNE-KOZA-YOGA-1-1-683x1024.jpg\" alt=\"\" data-id=\"3811\" data-full-url=\"https:\/\/koza-yoga.com\/wp-content\/uploads\/2024\/05\/ATELIER-CUISINEVEGETALIENNE-KOZA-YOGA-1-1.jpg\" data-link=\"https:\/\/koza-yoga.com\/?attachment_id=3811\" class=\"wp-image-3811\" srcset=\"https:\/\/koza-yoga.com\/wp-content\/uploads\/2024\/05\/ATELIER-CUISINEVEGETALIENNE-KOZA-YOGA-1-1-683x1024.jpg 683w, https:\/\/koza-yoga.com\/wp-content\/uploads\/2024\/05\/ATELIER-CUISINEVEGETALIENNE-KOZA-YOGA-1-1-200x300.jpg 200w, https:\/\/koza-yoga.com\/wp-content\/uploads\/2024\/05\/ATELIER-CUISINEVEGETALIENNE-KOZA-YOGA-1-1.jpg 724w\" sizes=\"(max-width: 683px) 100vw, 683px\" \/><\/figure><\/li><li class=\"blocks-gallery-item\"><figure><img loading=\"lazy\" width=\"683\" height=\"1024\" src=\"https:\/\/koza-yoga.com\/wp-content\/uploads\/2024\/05\/ATELIER-CUISINEVEGETALIENNE-KOZA-YOGA-2-683x1024.jpg\" alt=\"\" data-id=\"3812\" data-full-url=\"https:\/\/koza-yoga.com\/wp-content\/uploads\/2024\/05\/ATELIER-CUISINEVEGETALIENNE-KOZA-YOGA-2.jpg\" data-link=\"https:\/\/koza-yoga.com\/?attachment_id=3812\" class=\"wp-image-3812\" srcset=\"https:\/\/koza-yoga.com\/wp-content\/uploads\/2024\/05\/ATELIER-CUISINEVEGETALIENNE-KOZA-YOGA-2-683x1024.jpg 683w, https:\/\/koza-yoga.com\/wp-content\/uploads\/2024\/05\/ATELIER-CUISINEVEGETALIENNE-KOZA-YOGA-2-200x300.jpg 200w, https:\/\/koza-yoga.com\/wp-content\/uploads\/2024\/05\/ATELIER-CUISINEVEGETALIENNE-KOZA-YOGA-2.jpg 724w\" sizes=\"(max-width: 683px) 100vw, 683px\" \/><\/figure><\/li><li class=\"blocks-gallery-item\"><figure><img loading=\"lazy\" width=\"683\" height=\"1024\" src=\"https:\/\/koza-yoga.com\/wp-content\/uploads\/2024\/05\/ATELIER-CUISINEVEGETALIENNE-KOZA-YOGA-3-683x1024.jpg\" alt=\"\" data-id=\"3813\" data-full-url=\"https:\/\/koza-yoga.com\/wp-content\/uploads\/2024\/05\/ATELIER-CUISINEVEGETALIENNE-KOZA-YOGA-3.jpg\" data-link=\"https:\/\/koza-yoga.com\/?attachment_id=3813\" class=\"wp-image-3813\" srcset=\"https:\/\/koza-yoga.com\/wp-content\/uploads\/2024\/05\/ATELIER-CUISINEVEGETALIENNE-KOZA-YOGA-3-683x1024.jpg 683w, https:\/\/koza-yoga.com\/wp-content\/uploads\/2024\/05\/ATELIER-CUISINEVEGETALIENNE-KOZA-YOGA-3-200x300.jpg 200w, https:\/\/koza-yoga.com\/wp-content\/uploads\/2024\/05\/ATELIER-CUISINEVEGETALIENNE-KOZA-YOGA-3.jpg 724w\" sizes=\"(max-width: 683px) 100vw, 683px\" \/><\/figure><\/li><li class=\"blocks-gallery-item\"><figure><img loading=\"lazy\" width=\"683\" height=\"1024\" src=\"https:\/\/koza-yoga.com\/wp-content\/uploads\/2024\/05\/ATELIER-CUISINEVEGETALIENNE-KOZA-YOGA-4-683x1024.jpg\" alt=\"\" data-id=\"3814\" data-full-url=\"https:\/\/koza-yoga.com\/wp-content\/uploads\/2024\/05\/ATELIER-CUISINEVEGETALIENNE-KOZA-YOGA-4.jpg\" data-link=\"https:\/\/koza-yoga.com\/?attachment_id=3814\" class=\"wp-image-3814\" srcset=\"https:\/\/koza-yoga.com\/wp-content\/uploads\/2024\/05\/ATELIER-CUISINEVEGETALIENNE-KOZA-YOGA-4-683x1024.jpg 683w, https:\/\/koza-yoga.com\/wp-content\/uploads\/2024\/05\/ATELIER-CUISINEVEGETALIENNE-KOZA-YOGA-4-200x300.jpg 200w, https:\/\/koza-yoga.com\/wp-content\/uploads\/2024\/05\/ATELIER-CUISINEVEGETALIENNE-KOZA-YOGA-4.jpg 724w\" sizes=\"(max-width: 683px) 100vw, 683px\" \/><\/figure><\/li><li class=\"blocks-gallery-item\"><figure><img loading=\"lazy\" width=\"683\" height=\"1024\" src=\"https:\/\/koza-yoga.com\/wp-content\/uploads\/2024\/05\/ATELIER-CUISINEVEGETALIENNE-KOZA-YOGA-5-683x1024.jpg\" alt=\"\" data-id=\"3815\" data-full-url=\"https:\/\/koza-yoga.com\/wp-content\/uploads\/2024\/05\/ATELIER-CUISINEVEGETALIENNE-KOZA-YOGA-5.jpg\" data-link=\"https:\/\/koza-yoga.com\/?attachment_id=3815\" class=\"wp-image-3815\" srcset=\"https:\/\/koza-yoga.com\/wp-content\/uploads\/2024\/05\/ATELIER-CUISINEVEGETALIENNE-KOZA-YOGA-5-683x1024.jpg 683w, https:\/\/koza-yoga.com\/wp-content\/uploads\/2024\/05\/ATELIER-CUISINEVEGETALIENNE-KOZA-YOGA-5-200x300.jpg 200w, https:\/\/koza-yoga.com\/wp-content\/uploads\/2024\/05\/ATELIER-CUISINEVEGETALIENNE-KOZA-YOGA-5.jpg 724w\" sizes=\"(max-width: 683px) 100vw, 683px\" \/><\/figure><\/li><li class=\"blocks-gallery-item\"><figure><img loading=\"lazy\" width=\"683\" height=\"1024\" src=\"https:\/\/koza-yoga.com\/wp-content\/uploads\/2024\/05\/ATELIER-CUISINEVEGETALIENNE-KOZA-YOGA-6-683x1024.jpg\" alt=\"\" data-id=\"3816\" data-full-url=\"https:\/\/koza-yoga.com\/wp-content\/uploads\/2024\/05\/ATELIER-CUISINEVEGETALIENNE-KOZA-YOGA-6.jpg\" data-link=\"https:\/\/koza-yoga.com\/?attachment_id=3816\" class=\"wp-image-3816\" srcset=\"https:\/\/koza-yoga.com\/wp-content\/uploads\/2024\/05\/ATELIER-CUISINEVEGETALIENNE-KOZA-YOGA-6-683x1024.jpg 683w, https:\/\/koza-yoga.com\/wp-content\/uploads\/2024\/05\/ATELIER-CUISINEVEGETALIENNE-KOZA-YOGA-6-200x300.jpg 200w, https:\/\/koza-yoga.com\/wp-content\/uploads\/2024\/05\/ATELIER-CUISINEVEGETALIENNE-KOZA-YOGA-6.jpg 724w\" sizes=\"(max-width: 683px) 100vw, 683px\" \/><\/figure><\/li><\/ul><\/figure>\n<\/div>\n\n\n\n<div class=\"wp-block-column\">\n<h5>Comment se d\u00e9roule un atelier avec Floriann ?<\/h5>\n\n\n\n<p>Je con\u00e7ois les ateliers comme des moments de convivialit\u00e9 autour du partage et de l&rsquo;alimentation v\u00e9g\u00e9tale locale et du monde.<\/p>\n\n\n\n<p>Les ateliers sont l&rsquo;occasion d&rsquo;apprendre \u00e0 cuisiner de d\u00e9licieux mets issus d&rsquo;aliments 100% v\u00e9g\u00e9taux.<\/p>\n\n\n\n<p>Une th\u00e9matique pour chaque atelier : <\/p>\n\n\n\n<ul><li>le sans gluten ; sushis &amp; makis ; gnocchis de l\u00e9gumes ; desserts gourmands crus et v\u00e9g\u00e9taux ; buddhas bowls ; la banane sous toutes ses formes&#8230; <\/li><li>ou un repas complet : entr\u00e9e + plat + dessert. Vous choisissez \ud83d\ude42<\/li><\/ul>\n\n\n\n<p>Informations pratiques :<\/p>\n\n\n\n<ul><li>3 heures d&rsquo;atelier de 9h30 \u00e0 12h30 ou de 15h30 \u00e0 18h30<\/li><li>5 personnes minimum <\/li><li>Dans le confort de votre cuisine &#8211; je me d\u00e9place partout en Martinique<\/li><li>Tout inclus : nourriture, atelier, d\u00e9gustation<\/li><\/ul>\n<\/div>\n<\/div>\n\n\n\n<div style=\"height:50px\" aria-hidden=\"true\" class=\"wp-block-spacer\"><\/div>\n\n\n\n<hr class=\"wp-block-separator has-text-color has-background has-vivid-green-cyan-background-color has-vivid-green-cyan-color\"\/>\n\n\n\n<div style=\"height:30px\" aria-hidden=\"true\" class=\"wp-block-spacer\"><\/div>\n\n\n\n<p>Pour r\u00e9server votre atelier, contactez-moi : Floriann \u00e0 info@koza-yoga.com<\/p>\n","protected":false},"excerpt":{"rendered":"<p>Le v\u00e9g\u00e9talisme Qu&rsquo;est-ce-que la cuisine v\u00e9g\u00e9talienne ? La cuisine v\u00e9g\u00e9talienne ou v\u00e9g\u00e9talisme est un r\u00e9gime alimentaire o\u00f9 une personne se nourrit exclusivement d&rsquo;aliment d&rsquo;origine v\u00e9g\u00e9tale. Aucun aliment d&rsquo;origine animale n&rsquo;est consomm\u00e9 tel que la viande, le poisson, les oeufs, le lait, la cr\u00e8me, le beurre et le miel. Que mange donc une personne v\u00e9g\u00e9talienne ?<\/p>\n<div><a class=\"btn-filled btn\" href=\"https:\/\/koza-yoga.com\/index.php\/fr\/lesexperiences\/atelierdecuisinevegetalienne\/\" title=\"Atelier de cuisine\">Lire la suite<\/a><\/div>\n","protected":false},"author":1,"featured_media":0,"parent":2307,"menu_order":5,"comment_status":"closed","ping_status":"closed","template":"page-templates\/full-width.php","meta":[],"_links":{"self":[{"href":"https:\/\/koza-yoga.com\/index.php\/wp-json\/wp\/v2\/pages\/3796"}],"collection":[{"href":"https:\/\/koza-yoga.com\/index.php\/wp-json\/wp\/v2\/pages"}],"about":[{"href":"https:\/\/koza-yoga.com\/index.php\/wp-json\/wp\/v2\/types\/page"}],"author":[{"embeddable":true,"href":"https:\/\/koza-yoga.com\/index.php\/wp-json\/wp\/v2\/users\/1"}],"replies":[{"embeddable":true,"href":"https:\/\/koza-yoga.com\/index.php\/wp-json\/wp\/v2\/comments?post=3796"}],"version-history":[{"count":43,"href":"https:\/\/koza-yoga.com\/index.php\/wp-json\/wp\/v2\/pages\/3796\/revisions"}],"predecessor-version":[{"id":4422,"href":"https:\/\/koza-yoga.com\/index.php\/wp-json\/wp\/v2\/pages\/3796\/revisions\/4422"}],"up":[{"embeddable":true,"href":"https:\/\/koza-yoga.com\/index.php\/wp-json\/wp\/v2\/pages\/2307"}],"wp:attachment":[{"href":"https:\/\/koza-yoga.com\/index.php\/wp-json\/wp\/v2\/media?parent=3796"}],"curies":[{"name":"wp","href":"https:\/\/api.w.org\/{rel}","templated":true}]}}