{"id":3646,"date":"2024-04-05T13:44:51","date_gmt":"2024-04-05T17:44:51","guid":{"rendered":"https:\/\/koza-yoga.com\/?page_id=3646"},"modified":"2026-03-16T19:45:27","modified_gmt":"2026-03-16T23:45:27","slug":"retraite-yoga","status":"publish","type":"page","link":"https:\/\/koza-yoga.com\/index.php\/fr\/lesexperiences\/retraite-yoga\/","title":{"rendered":"Retraite de yoga"},"content":{"rendered":"\n<div class=\"wp-block-cover has-background-dim\"><img loading=\"lazy\" width=\"1080\" height=\"1920\" class=\"wp-block-cover__image-background wp-image-4329\" alt=\"\" src=\"https:\/\/koza-yoga.com\/wp-content\/uploads\/2025\/02\/STORY-IG-KY.png\" data-object-fit=\"cover\" srcset=\"https:\/\/koza-yoga.com\/wp-content\/uploads\/2025\/02\/STORY-IG-KY.png 1080w, https:\/\/koza-yoga.com\/wp-content\/uploads\/2025\/02\/STORY-IG-KY-169x300.png 169w, https:\/\/koza-yoga.com\/wp-content\/uploads\/2025\/02\/STORY-IG-KY-576x1024.png 576w, https:\/\/koza-yoga.com\/wp-content\/uploads\/2025\/02\/STORY-IG-KY-768x1365.png 768w, https:\/\/koza-yoga.com\/wp-content\/uploads\/2025\/02\/STORY-IG-KY-864x1536.png 864w\" sizes=\"(max-width: 1080px) 100vw, 1080px\" \/><div class=\"wp-block-cover__inner-container\">\n<p class=\"has-text-align-center has-large-font-size\">Retraite 1 journ\u00e9e<\/p>\n\n\n\n<p class=\"has-text-align-center has-large-font-size\">VOYAGE CULINAIRE &amp; SONORE<\/p>\n<\/div><\/div>\n\n\n\n<div style=\"height:25px\" aria-hidden=\"true\" class=\"wp-block-spacer\"><\/div>\n\n\n\n<p><strong>1 journ\u00e9e<strong> \u2022 <\/strong> 9h \u00e0 16h \u2022 100\u20ac\/personne<\/strong><\/p>\n\n\n\n<div class=\"wp-block-buttons\"><\/div>\n\n\n\n<hr class=\"wp-block-separator has-text-color has-background is-style-dots\" style=\"background-color:#1b2a1b;color:#1b2a1b\"\/>\n\n\n\n<h5>Ce que vous allez exp\u00e9rimenter :<\/h5>\n\n\n\n<ul class=\"has-black-color has-text-color\"><li>Un atelier de cuisine v\u00e9g\u00e9talienne et sans gluten <\/li><\/ul>\n\n\n\n<ul class=\"has-black-color has-text-color\"><li>Une s\u00e9ance de yoga nidra : relaxation profonde guid\u00e9e<\/li><\/ul>\n\n\n\n<ul class=\"has-black-color has-text-color\"><li>Un bain sonore : exp\u00e9rience de relaxation par les sons et les vibrations de diff\u00e9rents instruments de musique (bols en cristal, gong, carillon etc&#8230;)<\/li><\/ul>\n\n\n\n<ul class=\"has-black-color has-text-color\"><li>Un lieu de partage pour s&rsquo;exprimer, \u00e9couter, \u00e9changer, apprendre, tout en bienveillance<\/li><\/ul>\n\n\n\n<ul class=\"has-black-color has-text-color\"><li>Un espace de libert\u00e9 pour \u00eatre, sans artifice, simplement et naturellement<\/li><\/ul>\n\n\n\n<ul class=\"has-black-color has-text-color\"><li>Une journ\u00e9e pour prendre du temps de qualit\u00e9 pour vous, dans un environnement cocooning<\/li><\/ul>\n\n\n\n<ul class=\"has-black-color has-text-color\"><li>Un accompagnement d\u00e9di\u00e9 tout au long de cette mini retraite<\/li><\/ul>\n\n\n\n<ul class=\"has-black-color has-text-color\"><li>La d\u00e9couverte de repas frais et sains bas\u00e9s sur une alimentation v\u00e9g\u00e9talienne inspir\u00e9e du monde<meta charset=\"utf-8\"><\/li><\/ul>\n\n\n\n<div style=\"height:30px\" aria-hidden=\"true\" class=\"wp-block-spacer\"><\/div>\n\n\n\n<h5>Les intentions du s\u00e9jour :<\/h5>\n\n\n\n<p class=\"has-black-color has-text-color\">L\u00e2cher-prise + honorer son intuition + partager + faire le plein d&rsquo;\u00e9nergie vitale ! <\/p>\n\n\n\n<p class=\"has-black-color has-text-color\">Ce s\u00e9jour est une ode \u00e0 la Nature, \u00e0 votre Nature ; aux rencontres et \u00e0 cette volont\u00e9 de nourrir sainement son corps et son esprit gr\u00e2ce \u00e0 des outils et des pratiques au service de votre bien-\u00eatre.<\/p>\n\n\n\n<div style=\"height:30px\" aria-hidden=\"true\" class=\"wp-block-spacer\"><\/div>\n\n\n\n<h5>Pour qui s&rsquo;adresse cette retraite ?<\/h5>\n\n\n\n<p class=\"has-black-color has-text-color\">Cette retraite s&rsquo;adresse \u00e0 tout le monde. Elle s&rsquo;adresse \u00e0 toutes celles et ceux qui souhaitent cheminer et se ressourcer dans un lieu paisible en Martinique. <\/p>\n\n\n\n<p class=\"has-black-color has-text-color\">\u00c0 celles et ceux qui souhaitent prendre du temps pour soi ; se relaxer et apprendre \u00e0 cuisiner v\u00e9g\u00e9talien.<\/p>\n\n\n\n<div style=\"height:50px\" aria-hidden=\"true\" class=\"wp-block-spacer\"><\/div>\n\n\n\n<hr class=\"wp-block-separator has-text-color has-background is-style-default\" style=\"background-color:#1b2a1b;color:#1b2a1b\"\/>\n\n\n\n<div style=\"height:50px\" aria-hidden=\"true\" class=\"wp-block-spacer\"><\/div>\n\n\n\n<h4><meta charset=\"utf-8\">Le programme<\/h4>\n\n\n\n<p>9h Accueil<\/p>\n\n\n\n<p>9h30 Atelier de cuisine v\u00e9g\u00e9talienne sans gluten<\/p>\n\n\n\n<p>12h30 D\u00e9jeuner<\/p>\n\n\n\n<p>14h30 Yoga nidra<\/p>\n\n\n\n<p>15h30 Bain sonore<\/p>\n\n\n\n\n\n<div class=\"wp-block-buttons\"><\/div>\n\n\n\n<div style=\"height:50px\" aria-hidden=\"true\" class=\"wp-block-spacer\"><\/div>\n\n\n\n<hr class=\"wp-block-separator has-text-color has-background is-style-default\" style=\"background-color:#1b2a1b;color:#1b2a1b\"\/>\n\n\n\n<div style=\"height:50px\" aria-hidden=\"true\" class=\"wp-block-spacer\"><\/div>\n\n\n\n<h4>Votre guide<\/h4>\n\n\n\n<div class=\"wp-block-media-text alignwide is-stacked-on-mobile\"><figure class=\"wp-block-media-text__media\"><img loading=\"lazy\" width=\"835\" height=\"1024\" src=\"http:\/\/koza-yoga.com\/wp-content\/uploads\/2024\/02\/floriann-koza-yoga-martinique-835x1024.jpg\" alt=\"\" class=\"wp-image-3491 size-full\" srcset=\"https:\/\/koza-yoga.com\/wp-content\/uploads\/2024\/02\/floriann-koza-yoga-martinique-835x1024.jpg 835w, https:\/\/koza-yoga.com\/wp-content\/uploads\/2024\/02\/floriann-koza-yoga-martinique-245x300.jpg 245w, https:\/\/koza-yoga.com\/wp-content\/uploads\/2024\/02\/floriann-koza-yoga-martinique-768x942.jpg 768w, https:\/\/koza-yoga.com\/wp-content\/uploads\/2024\/02\/floriann-koza-yoga-martinique-1252x1536.jpg 1252w, https:\/\/koza-yoga.com\/wp-content\/uploads\/2024\/02\/floriann-koza-yoga-martinique.jpg 1304w\" sizes=\"(max-width: 835px) 100vw, 835px\" \/><\/figure><div class=\"wp-block-media-text__content\">\n<h5><em>Floriann<\/em> de Koza Yoga<\/h5>\n\n\n\n<p><strong>Professeure de yoga, sonoth\u00e9rapeute, masseuse Zentha\u00ef, cr\u00e9atrice d&rsquo;atelier de cuisine v\u00e9g\u00e9talienne<\/strong><\/p>\n\n\n\n<p class=\"has-black-color has-text-color\">Passionn\u00e9e de simplicit\u00e9, d&rsquo;\u00e9quilibre et de transmission, elle oeuvre \u00e0 vous guider, \u00e0 travers des m\u00e9thodes douces et naturelles, dans cette merveilleuse exp\u00e9rience qu&rsquo;est le voyage int\u00e9rieur.<\/p>\n\n\n\n<p class=\"has-black-color has-text-color\">Ses pratiques, pour cette reconnexion \u00e0 soi, explorent l&rsquo;\u00catre dans son enti\u00e8ret\u00e9 &#8211; corps, esprit, \u00e2me &#8211; dans l&rsquo;immobilit\u00e9 comme dans le mouvement.<\/p>\n<\/div><\/div>\n\n\n\n<div style=\"height:50px\" aria-hidden=\"true\" class=\"wp-block-spacer\"><\/div>\n\n\n\n<hr class=\"wp-block-separator has-text-color has-background is-style-default\" style=\"background-color:#1b2a1b;color:#1b2a1b\"\/>\n\n\n\n<div style=\"height:50px\" aria-hidden=\"true\" class=\"wp-block-spacer\"><\/div>\n\n\n\n<h4>Le lieu<\/h4>\n\n\n\n<div class=\"wp-block-columns\">\n<div class=\"wp-block-column\">\n<figure class=\"wp-block-gallery columns-3 is-cropped\"><ul class=\"blocks-gallery-grid\"><li class=\"blocks-gallery-item\"><figure><img loading=\"lazy\" width=\"580\" height=\"775\" src=\"http:\/\/koza-yoga.com\/wp-content\/uploads\/2024\/10\/Capture-de\u0301cran-2024-10-27-a\u0300-18.44.27.png\" alt=\"\" data-id=\"4195\" data-full-url=\"http:\/\/koza-yoga.com\/wp-content\/uploads\/2024\/10\/Capture-de\u0301cran-2024-10-27-a\u0300-18.44.27.png\" data-link=\"https:\/\/koza-yoga.com\/index.php\/fr\/lesexperiences\/retraite-yoga\/capture-decran-2024-10-27-a-18-44-27\/\" class=\"wp-image-4195\" srcset=\"https:\/\/koza-yoga.com\/wp-content\/uploads\/2024\/10\/Capture-de\u0301cran-2024-10-27-a\u0300-18.44.27.png 580w, https:\/\/koza-yoga.com\/wp-content\/uploads\/2024\/10\/Capture-de\u0301cran-2024-10-27-a\u0300-18.44.27-225x300.png 225w\" sizes=\"(max-width: 580px) 100vw, 580px\" \/><\/figure><\/li><li class=\"blocks-gallery-item\"><figure><img loading=\"lazy\" width=\"683\" height=\"1024\" src=\"http:\/\/koza-yoga.com\/wp-content\/uploads\/2024\/10\/UNADJUSTEDNONRAW_thumb_35d0-683x1024.jpg\" alt=\"\" data-id=\"4240\" data-full-url=\"http:\/\/koza-yoga.com\/wp-content\/uploads\/2024\/10\/UNADJUSTEDNONRAW_thumb_35d0.jpg\" data-link=\"https:\/\/koza-yoga.com\/index.php\/fr\/lesexperiences\/retraite-yoga\/unadjustednonraw_thumb_35d0\/\" class=\"wp-image-4240\" srcset=\"https:\/\/koza-yoga.com\/wp-content\/uploads\/2024\/10\/UNADJUSTEDNONRAW_thumb_35d0-683x1024.jpg 683w, https:\/\/koza-yoga.com\/wp-content\/uploads\/2024\/10\/UNADJUSTEDNONRAW_thumb_35d0-200x300.jpg 200w, https:\/\/koza-yoga.com\/wp-content\/uploads\/2024\/10\/UNADJUSTEDNONRAW_thumb_35d0.jpg 724w\" sizes=\"(max-width: 683px) 100vw, 683px\" \/><\/figure><\/li><li class=\"blocks-gallery-item\"><figure><img loading=\"lazy\" width=\"569\" height=\"755\" src=\"http:\/\/koza-yoga.com\/wp-content\/uploads\/2024\/10\/Capture-de\u0301cran-2024-10-27-a\u0300-18.46.06.png\" alt=\"\" data-id=\"4176\" data-full-url=\"http:\/\/koza-yoga.com\/wp-content\/uploads\/2024\/10\/Capture-de\u0301cran-2024-10-27-a\u0300-18.46.06.png\" data-link=\"https:\/\/koza-yoga.com\/index.php\/fr\/lesexperiences\/retraite-yoga\/capture-decran-2024-10-27-a-18-46-06\/\" class=\"wp-image-4176\" srcset=\"https:\/\/koza-yoga.com\/wp-content\/uploads\/2024\/10\/Capture-de\u0301cran-2024-10-27-a\u0300-18.46.06.png 569w, https:\/\/koza-yoga.com\/wp-content\/uploads\/2024\/10\/Capture-de\u0301cran-2024-10-27-a\u0300-18.46.06-226x300.png 226w\" sizes=\"(max-width: 569px) 100vw, 569px\" \/><\/figure><\/li><li class=\"blocks-gallery-item\"><figure><img loading=\"lazy\" width=\"683\" height=\"1024\" src=\"http:\/\/koza-yoga.com\/wp-content\/uploads\/2024\/10\/UNADJUSTEDNONRAW_thumb_35cd-683x1024.jpg\" alt=\"\" data-id=\"4239\" data-full-url=\"http:\/\/koza-yoga.com\/wp-content\/uploads\/2024\/10\/UNADJUSTEDNONRAW_thumb_35cd.jpg\" data-link=\"https:\/\/koza-yoga.com\/index.php\/fr\/lesexperiences\/retraite-yoga\/unadjustednonraw_thumb_35cd\/\" class=\"wp-image-4239\" srcset=\"https:\/\/koza-yoga.com\/wp-content\/uploads\/2024\/10\/UNADJUSTEDNONRAW_thumb_35cd-683x1024.jpg 683w, https:\/\/koza-yoga.com\/wp-content\/uploads\/2024\/10\/UNADJUSTEDNONRAW_thumb_35cd-200x300.jpg 200w, https:\/\/koza-yoga.com\/wp-content\/uploads\/2024\/10\/UNADJUSTEDNONRAW_thumb_35cd.jpg 724w\" sizes=\"(max-width: 683px) 100vw, 683px\" \/><\/figure><\/li><li class=\"blocks-gallery-item\"><figure><img loading=\"lazy\" width=\"819\" height=\"1024\" src=\"http:\/\/koza-yoga.com\/wp-content\/uploads\/2024\/02\/cec55d89-608a-4ade-8cd8-8ca33e261fda-819x1024.jpg\" alt=\"\" data-id=\"3364\" data-full-url=\"http:\/\/koza-yoga.com\/wp-content\/uploads\/2024\/02\/cec55d89-608a-4ade-8cd8-8ca33e261fda.jpg\" data-link=\"https:\/\/koza-yoga.com\/?attachment_id=3364\" class=\"wp-image-3364\" srcset=\"https:\/\/koza-yoga.com\/wp-content\/uploads\/2024\/02\/cec55d89-608a-4ade-8cd8-8ca33e261fda-819x1024.jpg 819w, https:\/\/koza-yoga.com\/wp-content\/uploads\/2024\/02\/cec55d89-608a-4ade-8cd8-8ca33e261fda-240x300.jpg 240w, https:\/\/koza-yoga.com\/wp-content\/uploads\/2024\/02\/cec55d89-608a-4ade-8cd8-8ca33e261fda-768x960.jpg 768w, https:\/\/koza-yoga.com\/wp-content\/uploads\/2024\/02\/cec55d89-608a-4ade-8cd8-8ca33e261fda.jpg 1024w\" sizes=\"(max-width: 819px) 100vw, 819px\" \/><\/figure><\/li><li class=\"blocks-gallery-item\"><figure><img loading=\"lazy\" width=\"575\" height=\"773\" src=\"http:\/\/koza-yoga.com\/wp-content\/uploads\/2024\/10\/Capture-de\u0301cran-2024-10-27-a\u0300-18.44.47.png\" alt=\"\" data-id=\"4177\" data-full-url=\"http:\/\/koza-yoga.com\/wp-content\/uploads\/2024\/10\/Capture-de\u0301cran-2024-10-27-a\u0300-18.44.47.png\" data-link=\"https:\/\/koza-yoga.com\/index.php\/fr\/lesexperiences\/retraite-yoga\/capture-decran-2024-10-27-a-18-44-47\/\" class=\"wp-image-4177\" srcset=\"https:\/\/koza-yoga.com\/wp-content\/uploads\/2024\/10\/Capture-de\u0301cran-2024-10-27-a\u0300-18.44.47.png 575w, https:\/\/koza-yoga.com\/wp-content\/uploads\/2024\/10\/Capture-de\u0301cran-2024-10-27-a\u0300-18.44.47-223x300.png 223w\" sizes=\"(max-width: 575px) 100vw, 575px\" \/><\/figure><\/li><li class=\"blocks-gallery-item\"><figure><img loading=\"lazy\" width=\"683\" height=\"1024\" src=\"http:\/\/koza-yoga.com\/wp-content\/uploads\/2024\/05\/ATELIER-CUISINEVEGETALIENNE-KOZA-YOGA-4-683x1024.jpg\" alt=\"\" data-id=\"3814\" data-full-url=\"http:\/\/koza-yoga.com\/wp-content\/uploads\/2024\/05\/ATELIER-CUISINEVEGETALIENNE-KOZA-YOGA-4.jpg\" data-link=\"https:\/\/koza-yoga.com\/index.php\/fr\/lesexperiences\/atelierdecuisinevegetalienne\/atelier-cuisinevegetalienne-koza-yoga-4\/\" class=\"wp-image-3814\" srcset=\"https:\/\/koza-yoga.com\/wp-content\/uploads\/2024\/05\/ATELIER-CUISINEVEGETALIENNE-KOZA-YOGA-4-683x1024.jpg 683w, https:\/\/koza-yoga.com\/wp-content\/uploads\/2024\/05\/ATELIER-CUISINEVEGETALIENNE-KOZA-YOGA-4-200x300.jpg 200w, https:\/\/koza-yoga.com\/wp-content\/uploads\/2024\/05\/ATELIER-CUISINEVEGETALIENNE-KOZA-YOGA-4.jpg 724w\" sizes=\"(max-width: 683px) 100vw, 683px\" \/><\/figure><\/li><li class=\"blocks-gallery-item\"><figure><img loading=\"lazy\" width=\"683\" height=\"1024\" src=\"http:\/\/koza-yoga.com\/wp-content\/uploads\/2024\/10\/UNADJUSTEDNONRAW_thumb_35c8-683x1024.jpg\" alt=\"\" data-id=\"4237\" data-full-url=\"http:\/\/koza-yoga.com\/wp-content\/uploads\/2024\/10\/UNADJUSTEDNONRAW_thumb_35c8.jpg\" data-link=\"https:\/\/koza-yoga.com\/index.php\/fr\/lesexperiences\/retraite-yoga\/unadjustednonraw_thumb_35c8\/\" class=\"wp-image-4237\" srcset=\"https:\/\/koza-yoga.com\/wp-content\/uploads\/2024\/10\/UNADJUSTEDNONRAW_thumb_35c8-683x1024.jpg 683w, https:\/\/koza-yoga.com\/wp-content\/uploads\/2024\/10\/UNADJUSTEDNONRAW_thumb_35c8-200x300.jpg 200w, https:\/\/koza-yoga.com\/wp-content\/uploads\/2024\/10\/UNADJUSTEDNONRAW_thumb_35c8.jpg 724w\" sizes=\"(max-width: 683px) 100vw, 683px\" \/><\/figure><\/li><li class=\"blocks-gallery-item\"><figure><img loading=\"lazy\" width=\"781\" height=\"1024\" src=\"http:\/\/koza-yoga.com\/wp-content\/uploads\/2024\/10\/studio-1-781x1024.jpeg\" alt=\"\" data-id=\"4247\" data-full-url=\"http:\/\/koza-yoga.com\/wp-content\/uploads\/2024\/10\/studio-1.jpeg\" data-link=\"https:\/\/koza-yoga.com\/index.php\/fr\/lesexperiences\/retraite-yoga\/studio-2\/\" class=\"wp-image-4247\" srcset=\"https:\/\/koza-yoga.com\/wp-content\/uploads\/2024\/10\/studio-1-781x1024.jpeg 781w, https:\/\/koza-yoga.com\/wp-content\/uploads\/2024\/10\/studio-1-229x300.jpeg 229w, https:\/\/koza-yoga.com\/wp-content\/uploads\/2024\/10\/studio-1-768x1008.jpeg 768w, https:\/\/koza-yoga.com\/wp-content\/uploads\/2024\/10\/studio-1.jpeg 1170w\" sizes=\"(max-width: 781px) 100vw, 781px\" \/><\/figure><\/li><li class=\"blocks-gallery-item\"><figure><img loading=\"lazy\" width=\"572\" height=\"770\" src=\"http:\/\/koza-yoga.com\/wp-content\/uploads\/2024\/10\/Capture-de\u0301cran-2024-10-27-a\u0300-18.44.36.png\" alt=\"\" data-id=\"4196\" data-full-url=\"http:\/\/koza-yoga.com\/wp-content\/uploads\/2024\/10\/Capture-de\u0301cran-2024-10-27-a\u0300-18.44.36.png\" data-link=\"https:\/\/koza-yoga.com\/index.php\/fr\/lesexperiences\/retraite-yoga\/capture-decran-2024-10-27-a-18-44-36\/\" class=\"wp-image-4196\" srcset=\"https:\/\/koza-yoga.com\/wp-content\/uploads\/2024\/10\/Capture-de\u0301cran-2024-10-27-a\u0300-18.44.36.png 572w, https:\/\/koza-yoga.com\/wp-content\/uploads\/2024\/10\/Capture-de\u0301cran-2024-10-27-a\u0300-18.44.36-223x300.png 223w\" sizes=\"(max-width: 572px) 100vw, 572px\" \/><\/figure><\/li><li class=\"blocks-gallery-item\"><figure><img loading=\"lazy\" width=\"683\" height=\"1024\" src=\"http:\/\/koza-yoga.com\/wp-content\/uploads\/2024\/10\/UNADJUSTEDNONRAW_thumb_35cb-683x1024.jpg\" alt=\"\" data-id=\"4238\" data-full-url=\"http:\/\/koza-yoga.com\/wp-content\/uploads\/2024\/10\/UNADJUSTEDNONRAW_thumb_35cb.jpg\" data-link=\"https:\/\/koza-yoga.com\/index.php\/fr\/lesexperiences\/retraite-yoga\/unadjustednonraw_thumb_35cb\/\" class=\"wp-image-4238\" srcset=\"https:\/\/koza-yoga.com\/wp-content\/uploads\/2024\/10\/UNADJUSTEDNONRAW_thumb_35cb-683x1024.jpg 683w, https:\/\/koza-yoga.com\/wp-content\/uploads\/2024\/10\/UNADJUSTEDNONRAW_thumb_35cb-200x300.jpg 200w, https:\/\/koza-yoga.com\/wp-content\/uploads\/2024\/10\/UNADJUSTEDNONRAW_thumb_35cb.jpg 724w\" sizes=\"(max-width: 683px) 100vw, 683px\" \/><\/figure><\/li><li class=\"blocks-gallery-item\"><figure><img loading=\"lazy\" width=\"683\" height=\"1024\" src=\"http:\/\/koza-yoga.com\/wp-content\/uploads\/2024\/10\/UNADJUSTEDNONRAW_thumb_346e-683x1024.jpg\" alt=\"\" data-id=\"4241\" data-full-url=\"http:\/\/koza-yoga.com\/wp-content\/uploads\/2024\/10\/UNADJUSTEDNONRAW_thumb_346e.jpg\" data-link=\"https:\/\/koza-yoga.com\/index.php\/fr\/lesexperiences\/retraite-yoga\/unadjustednonraw_thumb_346e\/\" class=\"wp-image-4241\" srcset=\"https:\/\/koza-yoga.com\/wp-content\/uploads\/2024\/10\/UNADJUSTEDNONRAW_thumb_346e-683x1024.jpg 683w, https:\/\/koza-yoga.com\/wp-content\/uploads\/2024\/10\/UNADJUSTEDNONRAW_thumb_346e-200x300.jpg 200w, https:\/\/koza-yoga.com\/wp-content\/uploads\/2024\/10\/UNADJUSTEDNONRAW_thumb_346e.jpg 724w\" sizes=\"(max-width: 683px) 100vw, 683px\" \/><\/figure><\/li><\/ul><\/figure>\n<\/div>\n\n\n\n<div class=\"wp-block-column\">\n<h5>Koza Yoga Retreat<\/h5>\n\n\n\n<p class=\"has-black-color has-text-color\"><em>Koza Yoga Retreat<\/em> a \u00e9t\u00e9 cr\u00e9\u00e9 par <em>Floriann<\/em> de Koza Yoga. C&rsquo;est un lieu unique pour vous accueillir chaleureusement, m\u00ealant d\u00e9coration japonaise et scandinave <em>&#8211; japandi<\/em>, et renvoyant \u00e0 un minimalisme et une sobri\u00e9t\u00e9 esth\u00e9tique. Rien est laiss\u00e9 au hasard : l&rsquo;agencement ; les couleurs sobres et neutres ; les mat\u00e9riaux bruts utilis\u00e9s (bois massif, terre cuite, fonte) ; les mati\u00e8res naturelles (lin, rotin, bambou, coton) ; l&rsquo;artisanat home-made&#8230; Tout ici pr\u00f4ne l&rsquo;intimit\u00e9 et le confort dans le lieu de vie.<\/p>\n\n\n\n<p class=\"has-black-color has-text-color\">Un salon cocooning vous accueillera lors de vos temps libres. Le jardin arbor\u00e9 de divers arbres fruitiers vous tendra les bras pour une balade nu-pieds afin de vous ressourcer avec les \u00e9l\u00e9ments de la nature. Le studio se situe dans un environnement calme et paisible, propice \u00e0 l&rsquo;introspection et au bien-\u00eatre. La pergola en bois qui accueille le studio est ouverte sur la nature et vous fera voyager dans un cadre bucolique, apaisant et ressour\u00e7ant.<\/p>\n\n\n\n<p class=\"has-black-color has-text-color\">Au-del\u00e0 du confort et de l&rsquo;esth\u00e9tisme, <em>Koza Yoga Retreat<\/em> est d\u00e9di\u00e9 \u00e0 la pratique d&rsquo;ateliers explorant diff\u00e9rentes m\u00e9thodes douces autour du bien-\u00eatre et \u00e0 une restauration saine, gr\u00e2ce \u00e0 une alimentation 100% v\u00e9g\u00e9tale et biologique. <\/p>\n\n\n\n<p class=\"has-black-color has-text-color\">Vous pourrez cheminer et vous d\u00e9tendre au sein d&rsquo;un \u00e9crin de douceur, lov\u00e9 dans un environnement naturel, brut et authentique. Cet havre de paix a \u00e9t\u00e9 cr\u00e9\u00e9 pour vous, pour le partage, l&rsquo;amour et la bienveillance.<\/p>\n<\/div>\n<\/div>\n\n\n\n<hr class=\"wp-block-separator has-text-color has-background is-style-default\" style=\"background-color:#1b2a1b;color:#1b2a1b\"\/>\n\n\n\n<div style=\"height:50px\" aria-hidden=\"true\" class=\"wp-block-spacer\"><\/div>\n\n\n\n<h4>Inclus dans le s\u00e9jour<\/h4>\n\n\n\n<div class=\"wp-block-columns\">\n<div class=\"wp-block-column\">\n<p class=\"has-black-color has-text-color\"><strong>Activit\u00e9s :<\/strong> toutes les activit\u00e9s, ateliers et pratiques mentionn\u00e9s dans le programme<\/p>\n\n\n\n<p class=\"has-black-color has-text-color\"><strong>Repas :<\/strong> des plats v\u00e9g\u00e9taliens inspir\u00e9s du monde, faits-maison avec des ingr\u00e9dients frais et biologiques : d\u00e9jeuner<\/p>\n<\/div>\n\n\n\n<div class=\"wp-block-column\">\n<p class=\"has-black-color has-text-color\"><strong>\u00c9quipement :<\/strong> tout le mat\u00e9riel de yoga, de m\u00e9ditation et de bain sonore : tapis, briques, sangles, bolster, coussins, couvertures, masques pour les yeux.<\/p>\n\n\n\n<p class=\"has-black-color has-text-color\"><strong>Programme sur-mesure :<\/strong> un programme transformateur unique pens\u00e9 et cr\u00e9\u00e9 par <em>Floriann<\/em> de Koza Yoga<\/p>\n<\/div>\n<\/div>\n\n\n\n<hr class=\"wp-block-separator has-text-color has-background is-style-default\" style=\"background-color:#1b2a1b;color:#1b2a1b\"\/>\n\n\n\n<div class=\"wp-block-columns\">\n<div class=\"wp-block-column\" style=\"flex-basis:33.33%\">\n<h5>Des questions ?<\/h5>\n\n\n\n<p class=\"has-black-color has-text-color\">N&rsquo;h\u00e9sitez pas \u00e0 contacter Floriann de Koza Yoga \u00e0 info@koza-yoga.com<\/p>\n<\/div>\n\n\n\n<div class=\"wp-block-column\" style=\"flex-basis:66.66%\">\n<figure class=\"wp-block-table\"><table  class=\" table table-hover\" ><tbody><tr><td><strong>Combien de personnes participe \u00e0 ce s\u00e9jour ? <br><\/strong>La retraite est con\u00e7ue pour un comit\u00e9 intimiste de 10 personnes. <\/td><\/tr><tr><td><strong>Que dois-je prendre avec moi pour la retraite ? <\/strong><br>Un carnet et un stylo<br>Des habits aux manches longues<br>Du produit anti-moustique<\/td><\/tr><tr><td><strong>Quand est-ce que ce s\u00e9jour sera confirm\u00e9 ? <br><\/strong>Ce s\u00e9jour sera confirm\u00e9 lorsqu&rsquo;il y aura 4 inscrits.es et au plus tard une semaine avant le d\u00e9but de la retraite.<\/td><\/tr><tr><td><strong>Que se passe-t-il si le s\u00e9jour est annul\u00e9 ? <br><\/strong>Si le s\u00e9jour est annul\u00e9, nous vous rembourserons l&rsquo;int\u00e9gralit\u00e9 de vos paiements.<\/td><\/tr><tr><td><strong>Je dois annuler le s\u00e9jour, serais-je rembours\u00e9.e ? <br><\/strong>Notre politique d&rsquo;annulation n&rsquo;applique aucun remboursement. Merci de votre compr\u00e9hension.<\/td><\/tr><\/tbody><\/table><\/figure>\n<\/div>\n<\/div>\n","protected":false},"excerpt":{"rendered":"<p>1 journ\u00e9e \u2022 9h \u00e0 16h \u2022 100\u20ac\/personne Ce que vous allez exp\u00e9rimenter : Un atelier de cuisine v\u00e9g\u00e9talienne et sans gluten Une s\u00e9ance de yoga nidra : relaxation profonde guid\u00e9e Un bain sonore : exp\u00e9rience de relaxation par les sons et les vibrations de diff\u00e9rents instruments de musique (bols en cristal, gong, carillon etc&#8230;)<\/p>\n<div><a class=\"btn-filled btn\" href=\"https:\/\/koza-yoga.com\/index.php\/fr\/lesexperiences\/retraite-yoga\/\" title=\"Retraite de yoga\">Lire la suite<\/a><\/div>\n","protected":false},"author":1,"featured_media":0,"parent":2307,"menu_order":4,"comment_status":"closed","ping_status":"closed","template":"page-templates\/full-width.php","meta":[],"_links":{"self":[{"href":"https:\/\/koza-yoga.com\/index.php\/wp-json\/wp\/v2\/pages\/3646"}],"collection":[{"href":"https:\/\/koza-yoga.com\/index.php\/wp-json\/wp\/v2\/pages"}],"about":[{"href":"https:\/\/koza-yoga.com\/index.php\/wp-json\/wp\/v2\/types\/page"}],"author":[{"embeddable":true,"href":"https:\/\/koza-yoga.com\/index.php\/wp-json\/wp\/v2\/users\/1"}],"replies":[{"embeddable":true,"href":"https:\/\/koza-yoga.com\/index.php\/wp-json\/wp\/v2\/comments?post=3646"}],"version-history":[{"count":133,"href":"https:\/\/koza-yoga.com\/index.php\/wp-json\/wp\/v2\/pages\/3646\/revisions"}],"predecessor-version":[{"id":4430,"href":"https:\/\/koza-yoga.com\/index.php\/wp-json\/wp\/v2\/pages\/3646\/revisions\/4430"}],"up":[{"embeddable":true,"href":"https:\/\/koza-yoga.com\/index.php\/wp-json\/wp\/v2\/pages\/2307"}],"wp:attachment":[{"href":"https:\/\/koza-yoga.com\/index.php\/wp-json\/wp\/v2\/media?parent=3646"}],"curies":[{"name":"wp","href":"https:\/\/api.w.org\/{rel}","templated":true}]}}