{"id":3487,"date":"2024-02-10T20:24:56","date_gmt":"2024-02-11T00:24:56","guid":{"rendered":"https:\/\/koza-yoga.com\/?page_id=3487"},"modified":"2026-03-16T19:47:44","modified_gmt":"2026-03-16T23:47:44","slug":"croisiere-yoga-aux-grenadines","status":"publish","type":"page","link":"https:\/\/koza-yoga.com\/index.php\/fr\/lesexperiences\/croisiere-yoga-aux-grenadines\/","title":{"rendered":"Croisi\u00e8re yoga"},"content":{"rendered":"\n<div class=\"wp-block-cover has-background-dim\"><img loading=\"lazy\" width=\"2560\" height=\"1440\" class=\"wp-block-cover__image-background wp-image-3488\" alt=\"\" src=\"https:\/\/koza-yoga.com\/wp-content\/uploads\/2024\/02\/ishan-seefromthesky-qE1Y8GQKhEk-unsplash-scaled.jpg\" data-object-fit=\"cover\" srcset=\"https:\/\/koza-yoga.com\/wp-content\/uploads\/2024\/02\/ishan-seefromthesky-qE1Y8GQKhEk-unsplash-scaled.jpg 2560w, https:\/\/koza-yoga.com\/wp-content\/uploads\/2024\/02\/ishan-seefromthesky-qE1Y8GQKhEk-unsplash-300x169.jpg 300w, https:\/\/koza-yoga.com\/wp-content\/uploads\/2024\/02\/ishan-seefromthesky-qE1Y8GQKhEk-unsplash-1024x576.jpg 1024w, https:\/\/koza-yoga.com\/wp-content\/uploads\/2024\/02\/ishan-seefromthesky-qE1Y8GQKhEk-unsplash-768x432.jpg 768w, https:\/\/koza-yoga.com\/wp-content\/uploads\/2024\/02\/ishan-seefromthesky-qE1Y8GQKhEk-unsplash-1536x864.jpg 1536w, https:\/\/koza-yoga.com\/wp-content\/uploads\/2024\/02\/ishan-seefromthesky-qE1Y8GQKhEk-unsplash-2048x1152.jpg 2048w\" sizes=\"(max-width: 2560px) 100vw, 2560px\" \/><div class=\"wp-block-cover__inner-container\">\n<p class=\"has-text-align-center has-large-font-size\">CROISI\u00c8RE YOGA<\/p>\n\n\n\n<p class=\"has-text-align-center has-large-font-size\">aux Grenadines<\/p>\n<\/div><\/div>\n\n\n\n<div style=\"height:25px\" aria-hidden=\"true\" class=\"wp-block-spacer\"><\/div>\n\n\n\n<p><strong>D\u00e9part du Marin en Martinique et navigation en catamaran jusqu&rsquo;aux Grenadines aller-retour \u2022 7 jours et 6 nuits<strong> \u2022 <\/strong>8 participants<\/strong> <\/p>\n\n\n\n<div class=\"wp-block-buttons\"><\/div>\n\n\n\n<hr class=\"wp-block-separator has-text-color has-background has-light-green-cyan-background-color has-light-green-cyan-color is-style-dots\"\/>\n\n\n\n<h5>Ce que vous allez vivre :<\/h5>\n\n\n\n<ul class=\"has-black-color has-text-color\"><li>Un voyage hors du commun dans un cadre \u00e9poustouflant : la mer des Cara\u00efbes.<\/li><li>Une exp\u00e9rience de navigation inoubliable, en catamaran, dans l&rsquo;un des archipels les plus beaux au monde : Saint Vincent et les Grenadines.<\/li><li>Un programme sur-mesure, dans des lieux exceptionnels.<\/li><li>Des pratiques pour un ressourcement complet alliant yoga, m\u00e9ditation, respiration, sonoth\u00e9rapie, marche, contemplation.<\/li><li>Un voyage sonore au coucher de soleil dans un cadre paradisiaque, accompagn\u00e9 de diff\u00e9rents instruments de musique<\/li><li>L&rsquo;apprentissage de m\u00e9thodes douces pour vous reconnecter \u00e0 vous-m\u00eame et aux autres.<\/li><li>Une exp\u00e9rience culinaire v\u00e9g\u00e9talienne exquise, locale, fra\u00eeche et pr\u00e9par\u00e9e avec amour.<\/li><li>Des moments magiques de vie sur le tapis et en dehors.<\/li><li>La d\u00e9couverte d&rsquo;\u00eeles et villes de la Cara\u00efbe depuis la mer et sur terre <em>(Martinique, Sainte-Lucie, Saint Vincent, Bequia, Mayreau, Tobago Cays, Morpion..)..<\/em><\/li><\/ul>\n\n\n\n<h5>Les intentions du s\u00e9jour :<\/h5>\n\n\n\n<p class=\"has-black-color has-text-color\">La reconnexion \u00e0 soi et aux diff\u00e9rents \u00e9l\u00e9ments de la nature ! <\/p>\n\n\n\n<p class=\"has-black-color has-text-color\">Vous r\u00eavez de prendre du temps pour vous dans un cadre idyllique ? Votre r\u00eave est \u00e0 port\u00e9e de main. Floriann de Koza Yoga vous emm\u00e8ne pour 7 jours exceptionnels, lors d&rsquo;un voyage unique et inoubliable en catamaran dans l&rsquo;un des plus beaux endroits sur terre : l&rsquo;archipel de Saint Vincent et les Grenadines.<\/p>\n\n\n\n<p class=\"has-black-color has-text-color\">Con\u00e7ue comme une ode \u00e0 l&rsquo;art de vivre lentement &#8211; <em>slow living<\/em> -, cette retraite-croisi\u00e8re de yoga vous permettra d&rsquo;exp\u00e9rimenter 7 jours en parfaite symbiose avec les diff\u00e9rents \u00e9l\u00e9ments de la nature et de nourrir sainement, \u00e0 la fois votre corps et votre esprit.<\/p>\n\n\n\n<h5>Pour qui s&rsquo;adresse cette croisi\u00e8re ?<\/h5>\n\n\n\n<p class=\"has-black-color has-text-color\">Pour tout le monde ! Cette croisi\u00e8re s&rsquo;adresse \u00e0 toutes celles et ceux qui souhaitent d\u00e9couvrir la Martinique, Sainte-Lucie et l&rsquo;archipel de Saint Vincent et les Grenadines autrement. <\/p>\n\n\n\n<p class=\"has-black-color has-text-color\">\u00c0 celles et ceux qui souhaitent prendre du temps pour soi dans un environnement hors du commun ; pratiquer le yoga et d&rsquo;autres activit\u00e9s naturelles bas\u00e9es sur l&rsquo;\u00e9change, la d\u00e9couverte de l&rsquo;autre et la connaissance de soi.<\/p>\n\n\n\n<p class=\"has-black-color has-text-color\">\u00c0 toute personne ne souhaitant pas pratiquer le yoga mais d\u00e9sirant voyager et d\u00e9couvrir les joyaux de la Cara\u00efbe dans un environnement sain. Les s\u00e9ances de yoga et le bain sonore sont compris dans le tarif mais restent optionnels. <\/p>\n\n\n\n<h5>Quels types de yoga seront enseign\u00e9s ?<\/h5>\n\n\n\n<p class=\"has-black-color has-text-color\">Yin yoga, Hatha yoga, Vinyasa yoga<\/p>\n\n\n\n<div style=\"height:50px\" aria-hidden=\"true\" class=\"wp-block-spacer\"><\/div>\n\n\n\n<hr class=\"wp-block-separator has-text-color has-background has-light-green-cyan-background-color has-light-green-cyan-color is-style-default\"\/>\n\n\n\n<div style=\"height:50px\" aria-hidden=\"true\" class=\"wp-block-spacer\"><\/div>\n\n\n\n<h4>Le programme<\/h4>\n\n\n\n<figure class=\"wp-block-table\"><table  class=\" table table-hover\" ><tbody><tr><td><meta charset=\"utf-8\"><strong>Jour 1<\/strong> <em>Welcome<\/em>  <br><br><strong>7h30 :<\/strong> arriv\u00e9e des participant.e.s \u00e0 la <strong>marina du Marin en Martinique<\/strong>.<br>Accueil sur le bateau et installation dans les cabines. <br><br><meta charset=\"utf-8\">Navigation vers <strong>Bequia<\/strong><br><br>D\u00e9jeuner<br><br>Ouverture du s\u00e9jour : pr\u00e9sentation du programme et de votre professeure de yoga et de vous<br><br>D\u00eener<br><br>Nuit au mouillage \u00e0 <strong>Bequia<\/strong><\/td><td><strong>Jour 2<\/strong> <br><meta charset=\"utf-8\">Yoga sur la plage de <strong>Bequia<\/strong><br><br>Petit-d\u00e9jeuner<br><br>Balade dans Bequia<br><br>D\u00e9jeuner<br><br>Navigation vers <strong>Mayreau<\/strong><br><br>D\u00eener<br><br>Contemplation des \u00e9toiles<br><br>Nuit au mouillage \u00e0 <strong>Mayreau<\/strong><\/td><td><strong>Jour 3  <\/strong><br><meta charset=\"utf-8\">Contemplation du lever de soleil<br><br>Yoga sur la plage de <strong>Mayreau<\/strong><br><br>Petit-d\u00e9jeuner<br><br>Temps libre \u00e0 <meta charset=\"utf-8\"><strong>Mayreau<\/strong><br><br>D\u00e9jeuner<br><br>Navigation de Mayreau aux <strong>Tobago cays<\/strong><br><br>Temps libre, baignade, d\u00e9tente, snorkeling sur la barri\u00e8re de corail<br><br>Voyage sonore au coucher du soleil<br><br>D\u00eener au restaurant &#8211; facultatif, sinon sur le bateau<br><br><meta charset=\"utf-8\">Nuit au mouillage aux <strong>Tobago Cays<\/strong><\/td><td><strong>Jour 4  <\/strong><br><meta charset=\"utf-8\"><meta charset=\"utf-8\"><meta charset=\"utf-8\">Yoga sur la plage de Petit Rameau aux <strong>Tobago Cays<\/strong><br><br>Petit-d\u00e9jeuner<br><br>Navigation vers <strong>Morpion<\/strong><br><br>D\u00e9jeuner au mouillage \u00e0 <strong>Petit Saint Vincent<\/strong><br><br><meta charset=\"utf-8\"><meta charset=\"utf-8\">Temps libre, baignade, d\u00e9tente, repos, lecture, snokeling<br><br>Navigation vers <strong>Mayreau<\/strong><br><br>D\u00eener<br><br>Nuit au mouillage \u00e0 <strong>Saline Bay<\/strong><\/td><\/tr><tr><td><strong>Jour 5<\/strong> <br><meta charset=\"utf-8\"><meta charset=\"utf-8\">Yoga sur le bateau<br><br>Petit-d\u00e9jeuner<br><br>Navigation de Mayreau jusqu&rsquo;\u00e0 <strong>Cumberland, Saint Vincent<\/strong><br><br>D\u00e9jeuner<br><br><meta charset=\"utf-8\">Excursion &#8211; facultative &#8211; pour les cascades de Dark View<br>ou <br><meta charset=\"utf-8\">Temps libre, baignade, d\u00e9tente, repos, lecture, snokeling, balade<br><br>Contemplation du coucher de soleil<br><br>D\u00eener<br><br><meta charset=\"utf-8\">Nuit au mouillage \u00e0 <meta charset=\"utf-8\"><strong>Cumberland, St Vincent<\/strong><\/td><td><strong>Jour 6<\/strong>  <br><meta charset=\"utf-8\"><meta charset=\"utf-8\">Yoga sur le bateau<br><br>Petit-d\u00e9jeuner<br><br>Navigation de Cumberland \u00e0 <strong>Soufri\u00e8re, Sainte Lucie<\/strong><br><br>D\u00e9jeuner<br><br><meta charset=\"utf-8\">Excursion &#8211; facultative &#8211; \u00e0 Soufri\u00e8re<br><meta charset=\"utf-8\">ou <br><meta charset=\"utf-8\">Temps libre, baignade, d\u00e9tente, repos, lecture, snokeling<br><br>Navigation jusqu&rsquo;\u00e0 <strong>Anse Cochon, Sainte Lucie<\/strong><br><br>D\u00eener<br><br><meta charset=\"utf-8\">Nuit au mouillage \u00e0 <strong>Anse Cochon, Sainte Lucie<\/strong><\/td><td><strong>Jour 7<\/strong> <br><meta charset=\"utf-8\">Yoga sur le bateau<br><br>Petit-d\u00e9jeuner<br><br>Navigation d&rsquo;Anse Cochon, Sainte Lucie \u00e0 <meta charset=\"utf-8\"><strong>Sainte Anne, Martinique<\/strong><br><br>D\u00e9jeuner<br><br><meta charset=\"utf-8\">Temps libre, baignade, d\u00e9tente, repos, lecture, snokeling<br><br><meta charset=\"utf-8\">Rangement des valises<br><br>Navigation de Sainte Anne \u00e0 la <strong>marina du Marin, Martinique<\/strong><br><br>17h D\u00e9barquement<br><br>Bye-bye et \u00e0 bient\u00f4t<\/td><td><\/td><\/tr><\/tbody><\/table><\/figure>\n\n\n\n<div style=\"height:10px\" aria-hidden=\"true\" class=\"wp-block-spacer\"><\/div>\n\n\n\n<div class=\"wp-block-buttons\"><\/div>\n\n\n\n<div style=\"height:50px\" aria-hidden=\"true\" class=\"wp-block-spacer\"><\/div>\n\n\n\n<hr class=\"wp-block-separator has-text-color has-background has-light-green-cyan-background-color has-light-green-cyan-color is-style-default\"\/>\n\n\n\n<div style=\"height:50px\" aria-hidden=\"true\" class=\"wp-block-spacer\"><\/div>\n\n\n\n<h4>Votre guide<\/h4>\n\n\n\n<div class=\"wp-block-media-text alignwide is-stacked-on-mobile\"><figure class=\"wp-block-media-text__media\"><img loading=\"lazy\" width=\"835\" height=\"1024\" src=\"http:\/\/koza-yoga.com\/wp-content\/uploads\/2024\/02\/floriann-koza-yoga-martinique-835x1024.jpg\" alt=\"\" class=\"wp-image-3491 size-full\" srcset=\"https:\/\/koza-yoga.com\/wp-content\/uploads\/2024\/02\/floriann-koza-yoga-martinique-835x1024.jpg 835w, https:\/\/koza-yoga.com\/wp-content\/uploads\/2024\/02\/floriann-koza-yoga-martinique-245x300.jpg 245w, https:\/\/koza-yoga.com\/wp-content\/uploads\/2024\/02\/floriann-koza-yoga-martinique-768x942.jpg 768w, https:\/\/koza-yoga.com\/wp-content\/uploads\/2024\/02\/floriann-koza-yoga-martinique-1252x1536.jpg 1252w, https:\/\/koza-yoga.com\/wp-content\/uploads\/2024\/02\/floriann-koza-yoga-martinique.jpg 1304w\" sizes=\"(max-width: 835px) 100vw, 835px\" \/><\/figure><div class=\"wp-block-media-text__content\">\n<h5>Floriann<\/h5>\n\n\n\n<p><strong>Professeure de yoga, sonoth\u00e9rapeute, masseuse Zentha\u00ef Shiatsu<\/strong>, <strong>organisatrice de s\u00e9jour bien-\u00eatre<\/strong><\/p>\n\n\n\n<p class=\"has-black-color has-text-color\">Floriann vous accueillera en Martinique, o\u00f9 elle est revenue s&rsquo;installer et partager ses connaissances du yoga en 2020, apr\u00e8s quatre ans de voyage \u00e0 travers le monde <em>(Nouvelle-Z\u00e9lande, Australie, Tasmanie, Indon\u00e9sie, Inde, Sri Lanka, Maroc etc&#8230;)<\/em>.<\/p>\n\n\n\n<p class=\"has-black-color has-text-color\">Son enseignement refl\u00e8te son parcours et ses voyages &#8211; tant int\u00e9rieurs qu&rsquo;ext\u00e9rieurs &#8211; v\u00e9cus au fil des ann\u00e9es. <\/p>\n\n\n\n<p class=\"has-black-color has-text-color\">Durant votre s\u00e9jour, elle vous guidera \u00e0 l&rsquo;art de prendre soin de votre \u00eatre, dans sa globalit\u00e9, \u00e0 travers des pratiques douces. Ces pratiques vont emm\u00e8neront vers le mouvement, l&rsquo;immobilit\u00e9, l&rsquo;introspection et une alimentation bas\u00e9e sur le v\u00e9g\u00e9talisme.<\/p>\n\n\n\n<p class=\"has-black-color has-text-color\">Vous explorerez le yoga, la m\u00e9ditation, des techniques de respiration, des relaxations, un voyage sonore et la contemplation.<\/p>\n\n\n\n<p class=\"has-black-color has-text-color\">Une croisi\u00e8re de 7 jours, unique et m\u00e9morable, qu&rsquo;elle a h\u00e2te de partager avec vous&#8230;<\/p>\n<\/div><\/div>\n\n\n\n<div style=\"height:50px\" aria-hidden=\"true\" class=\"wp-block-spacer\"><\/div>\n\n\n\n<hr class=\"wp-block-separator has-text-color has-background has-light-green-cyan-background-color has-light-green-cyan-color is-style-default\"\/>\n\n\n\n<div style=\"height:50px\" aria-hidden=\"true\" class=\"wp-block-spacer\"><\/div>\n\n\n\n<h4>Le bateau<\/h4>\n\n\n\n<div class=\"wp-block-media-text alignwide is-stacked-on-mobile\"><figure class=\"wp-block-media-text__media\"><img loading=\"lazy\" width=\"570\" height=\"349\" src=\"https:\/\/koza-yoga.com\/wp-content\/uploads\/2024\/02\/helia1.jpg\" alt=\"\" class=\"wp-image-3498 size-full\" srcset=\"https:\/\/koza-yoga.com\/wp-content\/uploads\/2024\/02\/helia1.jpg 570w, https:\/\/koza-yoga.com\/wp-content\/uploads\/2024\/02\/helia1-300x184.jpg 300w\" sizes=\"(max-width: 570px) 100vw, 570px\" \/><\/figure><div class=\"wp-block-media-text__content\">\n<h5>Catamaran<\/h5>\n\n\n\n<p class=\"has-black-color has-text-color\">Le&nbsp;bateau qui vous accueillera sera un catamaran&nbsp;dot\u00e9 de 4 cabines doubles avec salles de bain.<\/p>\n\n\n\n<p class=\"has-black-color has-text-color\">Le bateau sera<strong>&nbsp;<\/strong>confortable&nbsp;offrant de larges espaces&nbsp;tout en restant&nbsp;performant&nbsp;\u00e0 la voile. <\/p>\n\n\n\n<p class=\"has-black-color has-text-color\">Le carr\u00e9 offre de nombreux coffres de rangement et une grande table qui pourra&nbsp;accueillir l\u2019ensemble des passagers confortablement. Un bateau id\u00e9al pour partir en groupe de 10 passagers.<\/p>\n<\/div><\/div>\n\n\n\n<div style=\"height:50px\" aria-hidden=\"true\" class=\"wp-block-spacer\"><\/div>\n\n\n\n<hr class=\"wp-block-separator has-text-color has-background has-light-green-cyan-background-color has-light-green-cyan-color is-style-default\"\/>\n\n\n\n<div style=\"height:50px\" aria-hidden=\"true\" class=\"wp-block-spacer\"><\/div>\n\n\n\n<h4>Les cabines<\/h4>\n\n\n\n<div class=\"wp-block-media-text alignwide is-stacked-on-mobile\"><figure class=\"wp-block-media-text__media\"><img loading=\"lazy\" width=\"1024\" height=\"682\" src=\"http:\/\/koza-yoga.com\/wp-content\/uploads\/2024\/02\/oceanis-46.1-front-cabin-1024x682.jpg\" alt=\"\" class=\"wp-image-3493 size-full\" srcset=\"https:\/\/koza-yoga.com\/wp-content\/uploads\/2024\/02\/oceanis-46.1-front-cabin-1024x682.jpg 1024w, https:\/\/koza-yoga.com\/wp-content\/uploads\/2024\/02\/oceanis-46.1-front-cabin-300x200.jpg 300w, https:\/\/koza-yoga.com\/wp-content\/uploads\/2024\/02\/oceanis-46.1-front-cabin-768x512.jpg 768w, https:\/\/koza-yoga.com\/wp-content\/uploads\/2024\/02\/oceanis-46.1-front-cabin-1536x1024.jpg 1536w, https:\/\/koza-yoga.com\/wp-content\/uploads\/2024\/02\/oceanis-46.1-front-cabin.jpg 1832w\" sizes=\"(max-width: 1024px) 100vw, 1024px\" \/><\/figure><div class=\"wp-block-media-text__content\">\n<p class=\"has-black-color has-text-color\">Le catamaran compte 4 cabines doubles avec lit double partag\u00e9 et 2 grandes salles de bain.<\/p>\n<\/div><\/div>\n\n\n\n<div style=\"height:50px\" aria-hidden=\"true\" class=\"wp-block-spacer\"><\/div>\n\n\n\n<hr class=\"wp-block-separator has-text-color has-background has-light-green-cyan-background-color has-light-green-cyan-color is-style-default\"\/>\n\n\n\n<div style=\"height:50px\" aria-hidden=\"true\" class=\"wp-block-spacer\"><\/div>\n\n\n\n<h4>Inclus dans le s\u00e9jour<\/h4>\n\n\n\n<div class=\"wp-block-columns\">\n<div class=\"wp-block-column\">\n<p class=\"has-black-color has-text-color\"><strong>Activit\u00e9 :<\/strong> toutes les activit\u00e9s et pratiques mentionn\u00e9es dans le programme<\/p>\n\n\n\n<p class=\"has-black-color has-text-color\"><strong>Repas :<\/strong> des repas v\u00e9g\u00e9taliens faits-maison avec des ingr\u00e9dients frais et sains : petits-d\u00e9jeuners, d\u00e9jeuners et d\u00eeners<\/p>\n\n\n\n<p class=\"has-black-color has-text-color\"><strong>H\u00e9bergement :<\/strong> sur un catamaran tout confort<\/p>\n\n\n\n<p class=\"has-black-color has-text-color\"><strong>Navigation : <\/strong>avec skipper aller-retour du Marin en Martinique jusqu&rsquo;au \u00ab\u00a0middle Grenadines\u00a0\u00bb archipel des Grenadines, Saint Vincent<\/p>\n\n\n\n<p class=\"has-black-color has-text-color\"><strong>\u00c9quipement :<\/strong> tout le mat\u00e9riel de yoga.<\/p>\n<\/div>\n\n\n\n<div class=\"wp-block-column\">\n<p class=\"has-black-color has-text-color\"><strong>Programme sur-mesure :<\/strong> un programme attrayant pens\u00e9 et cr\u00e9\u00e9 par <em>Floriann<\/em> de Koza Yoga<\/p>\n\n\n\n<p class=\"has-black-color has-text-color\"><strong>Frais de douane :<\/strong> clearance entr\u00e9e et sortie de chaque pays (Martinique, Sainte Lucie, Saint Vincent et les Grenadines).<\/p>\n\n\n\n<p class=\"has-black-color has-text-color\"><strong>Frais de mouillage :<\/strong> bou\u00e9e de mouillage ; droits d\u2019entr\u00e9e aux Tobago Cays&#8230;<\/p>\n\n\n\n<p class=\"has-black-color has-text-color\"><strong>Frais annexes pour le bateau :<\/strong> essence, gaz, eau.<\/p>\n<\/div>\n<\/div>\n\n\n\n<h4>Non-inclus dans le s\u00e9jour<\/h4>\n\n\n\n<div class=\"wp-block-columns\">\n<div class=\"wp-block-column\">\n<p class=\"has-black-color has-text-color\"><strong>Transport :<\/strong> le transport pour se rendre en Martinique n&rsquo;est pas inclus. Le transfert a\u00e9roport du Lamentin -&gt; Marina du Marin et Marina du Marin -&gt; a\u00e9roport du Lamentin n&rsquo;est pas inclus. <\/p>\n\n\n\n<p class=\"has-black-color has-text-color\"><strong>Restaurant : <\/strong>le d\u00eener aux Grenadines n&rsquo;est pas inclus, il reste optionnel. <\/p>\n<\/div>\n\n\n\n<div class=\"wp-block-column\">\n<p class=\"has-black-color has-text-color\"><strong>Assurance :<\/strong> l&rsquo;assurance voyage<\/p>\n\n\n\n<p class=\"has-black-color has-text-color\"><strong>Excursions :<\/strong> les excursions \u00e0 Soufri\u00e8re \u00e0 Sainte Lucie et \u00e0 Cumberland \u00e0 Saint Vincent ne sont pas incluses dans le tarif, elles restent optionnelles.<\/p>\n\n\n\n<p><strong>Massage zentha\u00ef :<\/strong> Floriann propose de vous masser sur l&rsquo;une des \u00eeles des Grenadines.<\/p>\n<\/div>\n<\/div>\n\n\n\n<div style=\"height:50px\" aria-hidden=\"true\" class=\"wp-block-spacer\"><\/div>\n\n\n\n<hr class=\"wp-block-separator has-text-color has-background has-light-green-cyan-background-color has-light-green-cyan-color is-style-default\"\/>\n\n\n\n<div class=\"wp-block-buttons\"><\/div>\n\n\n\n<div style=\"height:50px\" aria-hidden=\"true\" class=\"wp-block-spacer\"><\/div>\n\n\n\n<h4>O\u00f9 se d\u00e9roule le s\u00e9jour et comment s&rsquo;y rendre ?<\/h4>\n\n\n\n<div class=\"wp-block-media-text alignwide is-stacked-on-mobile\"><figure class=\"wp-block-media-text__media\"><img loading=\"lazy\" width=\"682\" height=\"710\" src=\"https:\/\/koza-yoga.com\/wp-content\/uploads\/2024\/02\/Capture-de\u0301cran-2024-02-10-a\u0300-18.29.15.png\" alt=\"\" class=\"wp-image-3499 size-full\" srcset=\"https:\/\/koza-yoga.com\/wp-content\/uploads\/2024\/02\/Capture-de\u0301cran-2024-02-10-a\u0300-18.29.15.png 682w, https:\/\/koza-yoga.com\/wp-content\/uploads\/2024\/02\/Capture-de\u0301cran-2024-02-10-a\u0300-18.29.15-288x300.png 288w\" sizes=\"(max-width: 682px) 100vw, 682px\" \/><\/figure><div class=\"wp-block-media-text__content\">\n<h5>Croisi\u00e8re au d\u00e9part et arriv\u00e9e de la marina du Marin en Martinique<\/h5>\n\n\n\n<p class=\"has-black-color has-text-color\">Le s\u00e9jour est en itin\u00e9rance sur un catamaran au d\u00e9part et arriv\u00e9e de la marina du Marin en Martinique.<\/p>\n\n\n\n<p><strong>En avion<\/strong><\/p>\n\n\n\n<p class=\"has-black-color has-text-color\">Vous arriverez \u00e0 l&rsquo;a\u00e9roport Aim\u00e9 C\u00e9saire du Lamentin en Martinique qui est situ\u00e9 \u00e0 environ une heure de la marina du Marin. Les transferts de l&rsquo;a\u00e9roport \u00e0 la marina du Marin ne sont pas inclus.<\/p>\n\n\n\n<p><strong>Entr\u00e9e sur le territoire : Sainte-Lucie et Saint Vincent et les Grenadines<\/strong><\/p>\n\n\n\n<p class=\"has-black-color has-text-color\">Votre passeport doit obligatoirement \u00eatre valide et en votre possession pour faire cette croisi\u00e8re. La dur\u00e9e de validit\u00e9 restante doit \u00eatre de 6 mois minimum. <\/p>\n<\/div><\/div>\n\n\n\n<div style=\"height:50px\" aria-hidden=\"true\" class=\"wp-block-spacer\"><\/div>\n\n\n\n<hr class=\"wp-block-separator has-text-color has-background has-light-green-cyan-background-color has-light-green-cyan-color is-style-default\"\/>\n\n\n\n<div style=\"height:50px\" aria-hidden=\"true\" class=\"wp-block-spacer\"><\/div>\n\n\n\n<div class=\"wp-block-columns\">\n<div class=\"wp-block-column\" style=\"flex-basis:33.33%\">\n<h5>Des questions ?<\/h5>\n\n\n\n<p class=\"has-black-color has-text-color\"><meta charset=\"utf-8\"><meta charset=\"utf-8\">Contactez Floriann de Koza Yoga \u00e0 info@koza-yoga.com<\/p>\n<\/div>\n\n\n\n<div class=\"wp-block-column\" style=\"flex-basis:66.66%\">\n<figure class=\"wp-block-table\"><table  class=\" table table-hover\" ><tbody><tr><td><strong>Validit\u00e9 de votre passeport<\/strong> <br><meta charset=\"utf-8\"><meta charset=\"utf-8\">Votre passeport doit obligatoirement \u00eatre valide et en votre possession pour faire cette croisi\u00e8re. La dur\u00e9e de validit\u00e9 restante doit \u00eatre de 6 mois minimum. <\/td><\/tr><tr><td><strong>Mal de mer<\/strong><br>Vous pouvez acheter des m\u00e9dicaments (comprim\u00e9s, patch) contre le mal de mer en pharmacie avant votre d\u00e9part.<\/td><\/tr><tr><td><meta charset=\"utf-8\"><strong>Je n&rsquo;ai jamais pratiqu\u00e9 de yoga, puis-je participer \u00e0 ce s\u00e9jour ?  <br><\/strong>Ce s\u00e9jour est accessible au plus grand nombre m\u00eame les personnes qui ne souhaitent pas pratiquer de yoga. Vous pouvez participer sans avoir jamais fait de yoga, sauf contre-indication m\u00e9dicale d&rsquo;un professionnel de sant\u00e9. Floriann, votre professeure de yoga, s&rsquo;adapte \u00e0 chaque personne, d\u00e9butante comme confirm\u00e9e.<\/td><\/tr><tr><td><meta charset=\"utf-8\"><strong>Quand dois-je r\u00e9server le transport jusqu&rsquo;en Martinique ?  <br><\/strong>Le transport jusqu&rsquo;en Martinique n&rsquo;est pas inclus dans le tarif du s\u00e9jour. Nous vous recommandons d&rsquo;attendre la confirmation du s\u00e9jour avant de r\u00e9server votre transport. Vous pouvez \u00e9galement r\u00e9server votre billet d\u2019avion d\u00e8s maintenant en souscrivant une assurance annulation.<\/td><\/tr><tr><td><strong>Combien de personnes participe \u00e0 ce s\u00e9jour ?<br><\/strong>Ce s\u00e9jour est pour un petit groupe de 8 participantes.s + 2 personnes de l&rsquo;\u00e9quipage (le capitaine et Floriann).<\/td><\/tr><tr><td><strong>Comment puis-je r\u00e9server ma place ?<\/strong><br> Merci de contacter Floriann de Koza Yoga \u00e0 info@koza-yoga.com<\/td><\/tr><tr><td><meta charset=\"utf-8\"><strong>Est-il possible de payer ce s\u00e9jour en plusieurs fois ?  <br><\/strong>Oui, vous pouvez payer en plusieurs sans frais.<\/td><\/tr><tr><td><meta charset=\"utf-8\"><strong>Quand est-ce que ce s\u00e9jour sera confirm\u00e9 ?  <br><\/strong>Ce s\u00e9jour sera confirm\u00e9 lorsqu&rsquo;il y aura 6 inscrits.<\/td><\/tr><tr><td><meta charset=\"utf-8\"><strong>Que se passe-t-il si le s\u00e9jour est annul\u00e9 ?  <br><\/strong>Si le s\u00e9jour est annul\u00e9, nous vous rembourserons l&rsquo;int\u00e9gralit\u00e9 de vos paiements.<\/td><\/tr><tr><td><meta charset=\"utf-8\"><strong>Comment se d\u00e9roule les transferts de l&rsquo;a\u00e9roport \u00e0 la marina du Marin ?  <br><\/strong>Le transport jusqu&rsquo;en Martinique n&rsquo;est pas inclus n&rsquo;y jusqu&rsquo;\u00e0 la marina du Marin. Vous trouverez ais\u00e9ment un taxi \u00e0 votre arriv\u00e9e \u00e0 l&rsquo;a\u00e9roport pour vous conduire \u00e0 la marina du Marin.<\/td><\/tr><tr><td><meta charset=\"utf-8\"><strong>Je dois annuler le s\u00e9jour, serais-je rembours\u00e9.e ?  <br><\/strong>Si vous annulez votre s\u00e9jour, notre politique d&rsquo;annulation n&rsquo;applique aucun remboursement.<\/td><\/tr><\/tbody><\/table><\/figure>\n<\/div>\n<\/div>\n","protected":false},"excerpt":{"rendered":"<p>D\u00e9part du Marin en Martinique et navigation en catamaran jusqu&rsquo;aux Grenadines aller-retour \u2022 7 jours et 6 nuits \u2022 8 participants Ce que vous allez vivre : Un voyage hors du commun dans un cadre \u00e9poustouflant : la mer des Cara\u00efbes. Une exp\u00e9rience de navigation inoubliable, en catamaran, dans l&rsquo;un des archipels les plus beaux<\/p>\n<div><a class=\"btn-filled btn\" href=\"https:\/\/koza-yoga.com\/index.php\/fr\/lesexperiences\/croisiere-yoga-aux-grenadines\/\" title=\"Croisi\u00e8re yoga\">Lire la suite<\/a><\/div>\n","protected":false},"author":1,"featured_media":0,"parent":2307,"menu_order":6,"comment_status":"closed","ping_status":"closed","template":"page-templates\/full-width.php","meta":[],"_links":{"self":[{"href":"https:\/\/koza-yoga.com\/index.php\/wp-json\/wp\/v2\/pages\/3487"}],"collection":[{"href":"https:\/\/koza-yoga.com\/index.php\/wp-json\/wp\/v2\/pages"}],"about":[{"href":"https:\/\/koza-yoga.com\/index.php\/wp-json\/wp\/v2\/types\/page"}],"author":[{"embeddable":true,"href":"https:\/\/koza-yoga.com\/index.php\/wp-json\/wp\/v2\/users\/1"}],"replies":[{"embeddable":true,"href":"https:\/\/koza-yoga.com\/index.php\/wp-json\/wp\/v2\/comments?post=3487"}],"version-history":[{"count":147,"href":"https:\/\/koza-yoga.com\/index.php\/wp-json\/wp\/v2\/pages\/3487\/revisions"}],"predecessor-version":[{"id":4431,"href":"https:\/\/koza-yoga.com\/index.php\/wp-json\/wp\/v2\/pages\/3487\/revisions\/4431"}],"up":[{"embeddable":true,"href":"https:\/\/koza-yoga.com\/index.php\/wp-json\/wp\/v2\/pages\/2307"}],"wp:attachment":[{"href":"https:\/\/koza-yoga.com\/index.php\/wp-json\/wp\/v2\/media?parent=3487"}],"curies":[{"name":"wp","href":"https:\/\/api.w.org\/{rel}","templated":true}]}}