{"id":1055,"date":"2020-03-05T04:25:51","date_gmt":"2020-03-05T03:25:51","guid":{"rendered":"http:\/\/koza-yoga.com\/?page_id=1055"},"modified":"2020-03-05T04:35:22","modified_gmt":"2020-03-05T03:35:22","slug":"politique-de-confidentialite-2","status":"publish","type":"page","link":"https:\/\/koza-yoga.com\/index.php\/fr\/politique-de-confidentialite-2\/","title":{"rendered":"Politique de confidentialit\u00e9"},"content":{"rendered":"\n<h3>Politique de confidentialit\u00e9<\/h3>\n\n\n\n<figure class=\"wp-block-table\"><table  class=\"has-fixed-layout table table-hover\" ><tbody><tr><td> <br> <strong>Que couvre votre politique de confidentialit\u00e9 ?<\/strong><br> Conform\u00e9ment \u00e0 la loi sur la protection des donn\u00e9es, cette politique vous donne des informations sur la fa\u00e7on dont FWA Limited traite les informations personnelles re\u00e7ues des visiteurs de notre site internet <a href=\"http:\/\/koza-yoga.com\">http:\/\/koza-yoga.com<\/a>. <\/td><td> <br> <strong>Collecte et utilisation des informations<\/strong><br> Nous collectons des informations sur les visiteurs si vous nous envoyez une demande par e-mail direct. Nous utiliserons vos coordonn\u00e9es pour r\u00e9pondre \u00e0 votre demande. <\/td><\/tr><tr><td> <br> <strong>Qu&rsquo;est-ce que sont les informations personnelles ?<\/strong><br> Les informations personnelles sont d\u00e9finies comme des informations vous concernant personnellement, identifiables telles que votre civilit\u00e9, nom, adresse, adresse e-mail et num\u00e9ro de t\u00e9l\u00e9phone. La seule fois o\u00f9 nous utiliserons vos coordonn\u00e9es est lorsque nous r\u00e9pondrons \u00e0 votre demande par e-mail ou sms et lorsque nous vous enverrons de temps en temps des informations sur nos services.<br> Nous respectons votre vie priv\u00e9e et ne louerons pas, ne vendrons ni ne partagerons vos informations personnelles avec d&rsquo;autres personnes ou soci\u00e9t\u00e9s non affili\u00e9es. <\/td><td> <br> <strong>Acc\u00e9der \u00e0 vos donn\u00e9es<\/strong><br> Vous avez le droit de demander une copie des informations personnelles que nous d\u00e9tenons \u00e0 votre sujet. Veuillez noter que, conform\u00e9ment \u00e0 la loi informatique et libert\u00e9s du 6 janvier 1978, nous disposons d&rsquo;un mois apr\u00e8s r\u00e9ception de votre demande pour vous transmettre vos informations personnelles. Pour plus d&rsquo;informations, veuillez nous contacter en utilisant l&rsquo;adresse e-mail suivante: info@koza-yoga.com. <\/td><\/tr><tr><td> <br> <strong>Cookies<\/strong><br> Ce site utilise des cookies pour collecter des informations sur la fa\u00e7on dont le site est utilis\u00e9 par ses visiteurs. Les cookies fournissent des informations statistiques non personnelles sur les visites des pages du site, qui peuvent inclure la dur\u00e9e des consultations de pages individuelles, les chemins emprunt\u00e9s par les visiteurs sur le site et d&rsquo;autres informations g\u00e9n\u00e9rales. Aucune de ces informations ne vous est associ\u00e9e en tant qu&rsquo;individu. Cependant, si vous souhaitez supprimer ou d\u00e9sactiver les cookies, vous pouvez le faire en vous r\u00e9f\u00e9rant \u00e0 l&rsquo;option \u00ab\u00a0Aide\u00a0\u00bb dans la barre de menu de votre navigateur. Cela vous indiquera comment emp\u00eacher votre navigateur d&rsquo;accepter de nouveaux cookies; vous informer lorsque vous recevez de nouveaux cookies; et d\u00e9sactiver compl\u00e8tement les cookies. <\/td><td> <br> <strong>Modifications de la politique de confidentialit\u00e9<\/strong><br> Nous pouvons mettre \u00e0 jour cette politique de temps en temps. Veuillez consulter cette page r\u00e9guli\u00e8rement pour vous informer de tout changement important dans la fa\u00e7on dont nous traitons vos informations personnelles. <\/td><\/tr><\/tbody><\/table><\/figure>\n","protected":false},"excerpt":{"rendered":"<p>Politique de confidentialit\u00e9 Que couvre votre politique de confidentialit\u00e9 ? Conform\u00e9ment \u00e0 la loi sur la protection des donn\u00e9es, cette politique vous donne des informations sur la fa\u00e7on dont FWA Limited traite les informations personnelles re\u00e7ues des visiteurs de notre site internet http:\/\/koza-yoga.com. Collecte et utilisation des informations Nous collectons des informations sur les visiteurs<\/p>\n<div><a class=\"btn-filled btn\" href=\"https:\/\/koza-yoga.com\/index.php\/fr\/politique-de-confidentialite-2\/\" title=\"Politique de confidentialit\u00e9\">Lire la suite<\/a><\/div>\n","protected":false},"author":1,"featured_media":0,"parent":0,"menu_order":0,"comment_status":"closed","ping_status":"closed","template":"page-templates\/full-width.php","meta":[],"_links":{"self":[{"href":"https:\/\/koza-yoga.com\/index.php\/wp-json\/wp\/v2\/pages\/1055"}],"collection":[{"href":"https:\/\/koza-yoga.com\/index.php\/wp-json\/wp\/v2\/pages"}],"about":[{"href":"https:\/\/koza-yoga.com\/index.php\/wp-json\/wp\/v2\/types\/page"}],"author":[{"embeddable":true,"href":"https:\/\/koza-yoga.com\/index.php\/wp-json\/wp\/v2\/users\/1"}],"replies":[{"embeddable":true,"href":"https:\/\/koza-yoga.com\/index.php\/wp-json\/wp\/v2\/comments?post=1055"}],"version-history":[{"count":3,"href":"https:\/\/koza-yoga.com\/index.php\/wp-json\/wp\/v2\/pages\/1055\/revisions"}],"predecessor-version":[{"id":1059,"href":"https:\/\/koza-yoga.com\/index.php\/wp-json\/wp\/v2\/pages\/1055\/revisions\/1059"}],"wp:attachment":[{"href":"https:\/\/koza-yoga.com\/index.php\/wp-json\/wp\/v2\/media?parent=1055"}],"curies":[{"name":"wp","href":"https:\/\/api.w.org\/{rel}","templated":true}]}}