{"id":1046,"date":"2020-03-05T04:10:47","date_gmt":"2020-03-05T03:10:47","guid":{"rendered":"http:\/\/koza-yoga.com\/?page_id=1046"},"modified":"2020-11-20T01:54:38","modified_gmt":"2020-11-20T00:54:38","slug":"termes-et-conditions","status":"publish","type":"page","link":"https:\/\/koza-yoga.com\/index.php\/fr\/termes-et-conditions\/","title":{"rendered":"Termes et conditions"},"content":{"rendered":"\n<h3>Termes et conditions<\/h3>\n\n\n\n<figure class=\"wp-block-table\"><table  class=\" table table-hover\" ><tbody><tr><td> <br> <strong>Objet, mentions l\u00e9gales et d\u00e9finitions<\/strong><br> &nbsp;Ce site est d\u00e9tenu et exploit\u00e9 par Koza Yoga, entreprise enregistr\u00e9e sous le SIREN 853 630 747, enregistr\u00e9e en France. Dans les conditions g\u00e9n\u00e9rales et sur l&rsquo;ensemble du site Web, les d\u00e9finitions suivantes s&rsquo;appliquent :<br> &nbsp;&#8211; les termes \u00ab&nbsp;Koza Yoga&nbsp;\u00bb, \u00abnous\u00bb et&nbsp; \u00abnos\u00bb font r\u00e9f\u00e9rence \u00e0 Koza Yoga<br> &nbsp;&#8211; les \u00ab\u00a0Termes et Conditions\u00a0\u00bb, \u00ab\u00a0Termes\u00a0\u00bb signifient ces Termes et Conditions<br> &nbsp;&#8211; \u00abVous\u00bb, \u00abVotre\u00bb signifie toute personne qui utilise le site ou l\u2019un des services propos\u00e9s par le site<br> &#8211; \u00abLe site Internet\u00bb et \u00ab&nbsp;site Web&nbsp;\u00bb d\u00e9signent ce site Internet http:\/\/koza-yoga.com<br> &nbsp;&#8211; \u00abServices\u00bb, \u00abService\u00bb, \u00abPrestation\u00bb, \u00abPrestations\u00bb, \u00ab&nbsp;prestation de service&nbsp;\u00bb, \u00ab&nbsp;prestation de services&nbsp;\u00bb &nbsp;comprennent tous les \u00e9l\u00e9ments suivants : classe, cours, s\u00e9ance, atelier et conception de routine de yoga personnalis\u00e9e ainsi que tout \u00e9v\u00e9nement, retraite.<br> &#8211; \u00abClasses\u00bb, \u00abClasse\u00bb, \u00abCours\u00bb, \u00abS\u00e9ance\u00bb et \u00abS\u00e9ances\u00bb incluent les \u00e9l\u00e9ments suivants : sun ra, lalin, lalin yin, lalin restauratif, yoga pr\u00e9 natal, yoga post natal, yoga pour les enfants, yoga pour les adolescents, respiration, m\u00e9ditation.<br> &#8211; \u00abAtelier\u00bb, \u00abAteliers\u00bb incluent les \u00e9l\u00e9ments suivants : Yogi Workshop, Goodness Workshop.<br> En visitant notre site ou en utilisant nos services, vous vous engagez avec nos \u00abServices\u00bb et acceptez d&rsquo;\u00eatre li\u00e9 par les Termes et Conditions suivants, y compris les termes et conditions et politiques suppl\u00e9mentaires r\u00e9f\u00e9renc\u00e9s ici et\/ou disponibles par hyperlien. Ces conditions g\u00e9n\u00e9rales s&rsquo;appliquent \u00e0 tous les utilisateurs du site, y compris, sans s&rsquo;y limiter, les utilisateurs qui sont des navigateurs, des fournisseurs, des marques, des clients, des marchands et\/ou des contributeurs de contenu.<br> Veuillez lire attentivement ces conditions g\u00e9n\u00e9rales avant d&rsquo;acc\u00e9der ou d&rsquo;utiliser notre site Web. En acc\u00e9dant ou en utilisant n&rsquo;importe quelle partie du site, vous acceptez d&rsquo;\u00eatre li\u00e9 par ces Termes et Conditions. Si vous n&rsquo;acceptez pas tous les termes et conditions de cet accord, vous ne pouvez pas acc\u00e9der au site Web ou utiliser ses services.<br> Toute nouvelle fonctionnalit\u00e9 ou tout nouvel outil ajout\u00e9 au site actuel sera \u00e9galement soumis aux conditions g\u00e9n\u00e9rales. Vous pouvez consulter la version la plus r\u00e9cente des conditions g\u00e9n\u00e9rales \u00e0 tout moment sur cette page. Nous nous r\u00e9servons le droit de mettre \u00e0 jour, modifier ou remplacer n\u2019importe qu\u2019elle partie de ces conditions g\u00e9n\u00e9rales en publiant des mises \u00e0 jour et\/ou des modifications sur notre site Web. Il est de votre responsabilit\u00e9 de v\u00e9rifier r\u00e9guli\u00e8rement cette page pour les changements. Votre utilisation continue ou l&rsquo;acc\u00e8s au site Web apr\u00e8s la publication de tout changement constitue l&rsquo;acceptation de ces changements.<br> Notre site est h\u00e9berg\u00e9 chez OVH et est op\u00e9r\u00e9 par WordPress. Ils nous fournissent la plateforme en ligne qui nous permet de vous fournir notre contenu et nos services. Nous ne prenons aucune responsabilit\u00e9 pour les dommages inflig\u00e9s par OVH ou WordPress \u00e0 d&rsquo;autres parties, non li\u00e9s \u00e0 nos op\u00e9rations. <\/td><\/tr><tr><td> <br> <strong>1. Conditions g\u00e9n\u00e9rales<\/strong><br> Nous nous r\u00e9servons le droit de refuser nos services \u00e0 quiconque pour quelque raison que ce soit et \u00e0 tout moment.<br> Vous ne pouvez pas acc\u00e9der, afficher, utiliser, t\u00e9l\u00e9charger et\/ou autrement copier ou distribuer le Contenu obtenu sur le site Web \u00e0 des fins de marketing et \u00e0 d&rsquo;autres fins sans notre consentement.<br> Les titres utilis\u00e9s dans cet accord sont inclus pour des raisons de commodit\u00e9 uniquement et ne limiteront ni n&rsquo;affecteront autrement les pr\u00e9sentes conditions. <\/td><\/tr><tr><td> <br> <strong>2. Conditions g\u00e9n\u00e9rales relatives au site Internet<\/strong><br> <strong>2.1 Communications \u00e9lectroniques<\/strong><br> En utilisant ce site Web ou en communiquant avec nous par des moyens \u00e9lectroniques, vous consentez et reconnaissez que tous les accords, avis, divulgations ou toute autre communication satisfont \u00e0 toute exigence l\u00e9gale, y compris, mais sans s&rsquo;y limiter, l&rsquo;exigence que ces communications doivent \u00eatre faites par \u00e9crit.<br> <strong>2.2 Confidentialit\u00e9<\/strong><br> Le site Web vend des prestations de service. L&rsquo;utilisation de tout service achet\u00e9 sur ce site Web est \u00e0 vos risques. Vous indemnisez et d\u00e9gagez notre responsabilit\u00e9 de toute perte, blessure ou dommage qui pourrait \u00eatre subi du fait de l&rsquo;utilisation du service vendu sur le Site.<br> Les informations priv\u00e9es n\u00e9cessaires \u00e0 l&rsquo;ex\u00e9cution des commandes, \u00e0 savoir vos informations personnelles, votre adresse de livraison et vos num\u00e9ros de t\u00e9l\u00e9phone, seront conserv\u00e9es dans la plus stricte confidentialit\u00e9 par nous et ne seront ni vendues ni port\u00e9es \u00e0 la connaissance de tiers. Seules les informations n\u00e9cessaires, c&rsquo;est-\u00e0-dire le lieu o\u00f9 le service aura lieu et le num\u00e9ro de t\u00e9l\u00e9phone seront communiqu\u00e9s aux tiers qui fournissent la prestation.<br> Nous ne pouvons \u00eatre tenus responsables des violations de s\u00e9curit\u00e9 survenant sur votre appareil \u00e9lectronique (ordinateur personnel ou autre appareil \u00e9lectronique utilis\u00e9 pour naviguer sur le site Web), qui pourraient r\u00e9sulter du manque de logiciel de protection antivirus ou de logiciel espion ad\u00e9quat que vous pourriez avoir install\u00e9 par inadvertance sur votre appareil.<br> <strong>2.3 Mise \u00e0 jour de ces conditions g\u00e9n\u00e9rales<\/strong><br> Nous nous r\u00e9servons le droit de changer, modifier, ajouter ou supprimer des parties ou l&rsquo;ensemble de ces Termes et Conditions de temps en temps. Les modifications de ces conditions g\u00e9n\u00e9rales entreront en vigueur d\u00e8s que ces modifications seront publi\u00e9es sur ce site Web. Il est de votre devoir de v\u00e9rifier p\u00e9riodiquement ces Termes et Conditions sur le site Web pour les changements ou mises \u00e0 jour. Votre utilisation continue de ce site Web apr\u00e8s la publication de modifications ou de mises \u00e0 jour sera consid\u00e9r\u00e9e comme un avis de votre acceptation de respecter et d&rsquo;\u00eatre li\u00e9 par les pr\u00e9sentes conditions g\u00e9n\u00e9rales, y compris ces modifications ou mises \u00e0 jour.<br> <strong>2.4 Droits d&rsquo;auteur et droits de propri\u00e9t\u00e9 intellectuelle<\/strong><br> Nous fournissons certaines informations sur le site Web. Le contenu actuel ou pr\u00e9vu d&rsquo;\u00eatre affich\u00e9 sur ce site Web est fourni par nous, nos affili\u00e9s et\/ou filiales, ou tout autre propri\u00e9taire tiers de ce contenu &#8211; <a rel=\"noreferrer noopener\" aria-label=\"robmulally.com (s\u2019ouvre dans un nouvel onglet)\" href=\"https:\/\/www.robmulally.com\/\" target=\"_blank\">robmulally.com<\/a> ainsi que <a href=\"https:\/\/www.instagram.com\/andresr_imaging\/?hl=fr\">Andres<\/a> pour une partie des photographies -, et comprend, mais sans s&rsquo;y limiter, les \u0153uvres litt\u00e9raires, \u0153uvres musicales, \u0153uvres artistiques, enregistrements sonores, films cin\u00e9matographiques, \u00e9missions sonores et t\u00e9l\u00e9vis\u00e9es, signaux porteurs de programmes, \u00e9ditions publi\u00e9es et programmes informatiques (\u00able contenu\u00bb).<br> Toutes ces \u0153uvres et leur compilation sont nos droits d&rsquo;auteur, nos soci\u00e9t\u00e9s affili\u00e9es ou filiales, ou tout autre tiers propri\u00e9taire de ces droits (\u00ables Propri\u00e9taires\u00bb), et sont prot\u00e9g\u00e9s par les lois fran\u00e7aises et internationales sur le droit d&rsquo;auteur. Nous nous r\u00e9servons le droit d&rsquo;apporter des modifications au site Web, au contenu ou aux services offerts sur le site Web \u00e0 tout moment et sans pr\u00e9avis. Tous les droits pour et sur le contenu sont r\u00e9serv\u00e9s et conserv\u00e9s par les propri\u00e9taires. Sauf indication contraire dans les pr\u00e9sentes conditions g\u00e9n\u00e9rales, aucune licence ni aucun autre droit ne vous sont accord\u00e9s, y compris, sans limitation, en vertu du droit d&rsquo;auteur, de la marque de commerce, du brevet ou d&rsquo;autres droits de propri\u00e9t\u00e9 intellectuelle sur ou au contenu. <br> <strong>2.5 Limitation de responsabilit\u00e9<\/strong><br> Le site Web et tout le contenu du site Web, y compris toute offre actuelle ou future de produits ou de services, sont fournis \u00abtels quels\u00bb et peuvent inclure des inexactitudes ou des erreurs typographiques. Les propri\u00e9taires ne font aucune garantie ou repr\u00e9sentation quant \u00e0 la disponibilit\u00e9, l&rsquo;exactitude ou l&rsquo;exhaustivit\u00e9 du contenu. Ni nous, ni aucune de nos soci\u00e9t\u00e9s holding, soci\u00e9t\u00e9s affili\u00e9es ou filiales, ne seront tenus responsables de tout dommage sp\u00e9cial, cons\u00e9cutif ou autre, direct ou indirect, de quelque nature que ce soit, subi ou encouru, li\u00e9 \u00e0 l&rsquo;utilisation ou \u00e0 l&rsquo;impossibilit\u00e9 d&rsquo;acc\u00e9der ou d&rsquo;utiliser le Contenu ou le site Web ou toute fonctionnalit\u00e9 de celui-ci, ou de tout site Web li\u00e9, m\u00eame si nous en sommes express\u00e9ment inform\u00e9s.<br> <strong>2.6 Confidentialit\u00e9 : navigation occasionnelle<\/strong><br> Vous pouvez visiter le site Web sans fournir d&rsquo;informations personnelles. Les serveurs du site Web collecteront dans de tels cas l&rsquo;adresse IP de votre ordinateur, mais pas votre adresse e-mail ou toute autre information distinctive. Ces informations sont agr\u00e9g\u00e9es pour mesurer le nombre de visites, le temps moyen pass\u00e9 sur le site Web, les pages consult\u00e9es, etc. Nous utilisons ces informations pour d\u00e9terminer l&rsquo;utilisation du site Web et pour am\u00e9liorer son contenu. Nous n&rsquo;assumons aucune obligation de prot\u00e9ger ces informations et pouvons copier, distribuer ou autrement utiliser ces informations sans limitation.<br> <strong>2.7 Choix de la loi<\/strong><br> Ce site Web est contr\u00f4l\u00e9, exploit\u00e9 et administr\u00e9 par Koza Yoga \u00e0 partir de nos bureaux en France. L&rsquo;acc\u00e8s au site Web \u00e0 partir de territoires ou de pays o\u00f9 le contenu du site Web est ill\u00e9gal est interdit. Vous ne pouvez pas utiliser ce site Web en violation des lois et r\u00e9glementations fran\u00e7aises sur l&rsquo;exportation. Si vous acc\u00e9dez \u00e0 ce site Web depuis des emplacements hors de France, vous \u00eates responsable du respect de toutes les lois locales. Ces Conditions G\u00e9n\u00e9rales de Vente sont r\u00e9gies par les lois de la France, et vous consentez \u00e0 la juridiction du Tribunal de Grande Instance de Paris en cas de litige. Si l&rsquo;une des dispositions des pr\u00e9sentes conditions g\u00e9n\u00e9rales est jug\u00e9e invalide ou inapplicable par un tribunal comp\u00e9tent, cette disposition doit \u00eatre appliqu\u00e9e dans toute la mesure permise afin de donner effet \u00e0 l&rsquo;intention des pr\u00e9sentes conditions g\u00e9n\u00e9rales et le reste des pr\u00e9sentes conditions g\u00e9n\u00e9rales de vente demeurera pleinement en vigueur. Ces conditions g\u00e9n\u00e9rales constituent l&rsquo;int\u00e9gralit\u00e9 de l&rsquo;accord entre nous et vous en ce qui concerne l&rsquo;utilisation du contenu et de ce site Web.<br> <strong>2.8 Utilisations interdites<\/strong><br> Il vous est interdit d&rsquo;utiliser le site ou son contenu: (a) \u00e0 des fins ill\u00e9gales; (b) de solliciter des tiers pour accomplir ou participer \u00e0 des actes ill\u00e9gaux ; (c) enfreindre les r\u00e8glements, r\u00e8gles, lois ou ordonnances locales, internationales, f\u00e9d\u00e9rales, provinciales ou \u00e9tatiques ; (d) pour enfreindre ou violer nos droits de propri\u00e9t\u00e9 intellectuelle ou les droits de propri\u00e9t\u00e9 intellectuelle d&rsquo;autrui ; (e) harceler, abuser, insulter, nuire, diffamer, calomnier, d\u00e9nigrer, intimider ou discriminer en fonction du sexe, de l&rsquo;orientation sexuelle, de la religion, de l&rsquo;ethnie, de la race, de l&rsquo;\u00e2ge, de l&rsquo;origine nationale ou du handicap ; (f) soumettre des informations fausses ou trompeuses ; (g) pour t\u00e9l\u00e9charger ou transmettre des virus ou tout autre type de code malveillant qui sera ou peut \u00eatre utilis\u00e9 d&rsquo;une mani\u00e8re qui affectera la fonctionnalit\u00e9 ou le fonctionnement du Service ou de tout site Web connexe, d&rsquo;autres sites Web ou Internet ; (h) collecter ou suivre les informations personnelles d&rsquo;autrui ; (i) pour spammer ; (j) \u00e0 des fins obsc\u00e8nes ou immorales ; ou (k) pour interf\u00e9rer avec ou contourner les fonctions de s\u00e9curit\u00e9 du Service ou de tout site Web connexe, d&rsquo;autres sites Web ou Internet. Nous nous r\u00e9servons le droit de mettre fin \u00e0 votre utilisation du Service ou de tout site Web connexe pour violation de l&rsquo;une des utilisations interdites. <\/td><\/tr><tr><td> <br> <strong>3. Prix<\/strong><br> Tous les prix sont indiqu\u00e9s en euros (\u20ac EUR) et toutes les transactions sont trait\u00e9es en euros (\u20ac EUR).<br> Tous les prix sont corrects au moment de la publication en ligne. Les prix sont sujets \u00e0 changement sans pr\u00e9avis.<br> Toutes les prestations sont promues de bonne foi pour \u00eatre disponibles au moment de la commande. <\/td><\/tr><tr><td> <br> <strong>4. Paiement<\/strong><br> Tous les Services doivent \u00eatre pr\u00e9pay\u00e9s au minimum vingt quatre heures avant le jour de la livraison de la prestation via la plateforme LYDIA (Cf. lien ci-dessous) ou en esp\u00e8ces ou par virement bancaire en ligne (Cf. d\u00e9tail compte bancaire ci-dessous) ou via PayPal (Cf. d\u00e9tail PayPal ci-dessous). <\/td><\/tr><tr><td> <br> <strong>5. Informations bancaires<\/strong><br>Lien de paiement LYDIA : <a rel=\"noreferrer noopener\" href=\"https:\/\/lydia-app.com\/collect\/74483-seances-collectives-yoga\/mq\" target=\"_blank\">https:\/\/lydia-app.com\/collect\/74483-seances-collectives-yoga\/mq<\/a><br><br>Coordonn\u00e9es bancaires :<br>B\u00e9n\u00e9ficiaire : Floriann Wiatrowski<br>Banque : Cr\u00e9dit Agricole<br>IBAN : FR76 1680 6099 3956 5164 0100 123<br>Code BIC \/ SWIFT : AGRIFRPP868<br> <br> Adresse e-mail PayPal <br> <a href=\"mailto:floriannwiatrowski@gmail.com\">floriannwiatrowski@gmail.com<\/a> <\/td><\/tr><tr><td> <br> <strong>6. Politique d&rsquo;annulation<\/strong><br> Les annulations de r\u00e9servation ne sont pas rembours\u00e9es. Toutefois, nous vous offrons la possibilit\u00e9 de reprogrammer votre r\u00e9servation de service sans aucun frais en nous faisant parvenir votre demande par email \u00e0 <a href=\"mailto:info@koza-yoga.com\">info@koza-yoga.com<\/a> dans un d\u00e9lai et au plus tard vingt quatre heures avant le d\u00e9but de la prestation. <\/td><\/tr><tr><td> <br> <strong>7. Politique de remboursement<\/strong><br> Les Services sont soumis \u00e0 disponibilit\u00e9. Toutes nos prestations de services sont sur-rendez-vous et n\u00e9cessitent une confirmation de r\u00e9servation de notre part.<br> Nous nous r\u00e9servons le droit d&rsquo;annuler une commande dont le paiement a d\u00e9j\u00e0 \u00e9t\u00e9 re\u00e7u. Si nous exer\u00e7ons ce droit, vous recevrez un remboursement complet sans d\u00e9duction. <\/td><\/tr><tr><td> <br> <strong>8. Sant\u00e9 : responsabilit\u00e9 et limitation de responsabilit\u00e9<\/strong><br> 8.1 Nous d\u00e9clinons toute responsabilit\u00e9 pour toute blessure, perte ou dommage li\u00e9 \u00e0 ou r\u00e9sultant de la participation aux Services, quel qu\u2019il soit.<br> Pour r\u00e9duire le risque de blessure, nous recommandons les directives suivantes :<br> &#8211; \u00e9coutez et suivez les instructions du professeur de yoga.<br> &#8211; \u00e9coutez vos limitations physiques.<br> &#8211; ne faites aucun exercice douloureux.<br> &#8211; posez des questions lorsque vous ne comprenez pas un exercice. <br> 8.2 Il est de votre responsabilit\u00e9 de vous assurer que vous et vos enfants \u00eates capables de suivre les Services auxquels vous et eux assisteront.<br> 8.3 Il est de votre responsabilit\u00e9 de nous informer de toute blessure, maladie ou affection ant\u00e9rieure qui pourrait avoir une incidence sur votre pratique ou celle de vos enfants.<br> 8.4 En participant \u00e0 la prestation, selon le cas, vous acceptez le risque de blessure li\u00e9 \u00e0 la prise d&rsquo;un cours.<br> 8.5 Nos professeurs de yoga ne sont pas des m\u00e9decins. Vous devez consulter un m\u00e9decin si n\u00e9cessaire.<br> 8.6 Vous ne nous engagerez jamais, ni aucun professeurs de ou d\u00e9livrant une prestation pour Koza Yoga, ni aucun membre du personnel de soutien, dans des proc\u00e9dures judiciaires concernant d&rsquo;\u00e9ventuelles blessures, dommages, perte ou d\u00e9c\u00e8s injustifi\u00e9s sous quelque forme que ce soit, qui pourraient r\u00e9sulter de la participation aux Services, quel qu\u2019il soit.<br> 8.7 Vous devez avoir une autorisation \u00e9crite de votre m\u00e9decin dans les cas suivants:<br> &#8211; Blessure ou autre probl\u00e8me physique ou toute circonstance affectant votre sant\u00e9 ou si vous n&rsquo;\u00eates pas s\u00fbr d&rsquo;\u00eatre en parfaite sant\u00e9<br> &#8211; Tension art\u00e9rielle basse ou \u00e9lev\u00e9e et\/ou irr\u00e9gularit\u00e9s cardiaques<br> &#8211; Grossesse<br> 8.8 Les nouvelles mamans r\u00e9servant des cours de yoga post natal doivent avoir eu leur contr\u00f4le post-natal de 6 semaines par leur m\u00e9decin.<br> 8.9 Les enfants de moins de 8 ans n\u00e9cessitent la pr\u00e9sence d&rsquo;un parent ou d&rsquo;un accompagnateur pendant toute la dur\u00e9e du cours.<br> 8.10 Si vous signez au nom d&rsquo;un enfant mineur, vous autorisez \u00e9galement toute personne li\u00e9e \u00e0 l&rsquo;organisation d&rsquo;accueil \u00e0 administrer les premiers soins jug\u00e9s n\u00e9cessaires, et en cas de maladie ou de blessure grave, vous autorisez \u00e0 appeler un m\u00e9decin et \/ ou soins chirurgicaux de l&rsquo;enfant et transport de l&rsquo;enfant vers un \u00e9tablissement m\u00e9dical jug\u00e9 n\u00e9cessaire au bien-\u00eatre de l&rsquo;enfant.<br> 8.11 Vous acceptez qu&rsquo;il y ait parfois un contact physique entre l&rsquo;enseignant et vous-m\u00eame et\/ou vos enfants, qui sera toujours effectu\u00e9 de mani\u00e8re professionnelle et attentionn\u00e9e. <\/td><\/tr><tr><td> <br> <strong>9. Force majeure<\/strong><br> Nous ne sommes pas responsables en vertu de ces Conditions pour l&rsquo;inex\u00e9cution caus\u00e9e par des \u00e9v\u00e9nements ou des conditions hors de notre contr\u00f4le. Cette disposition ne vous d\u00e9gage pas de votre obligation de remplir int\u00e9gralement vos obligations de paiement. <\/td><\/tr><tr><td> <br> <strong>10. Informations sur le contrat<\/strong><br> Aucun contrat n&rsquo;existera en relation avec les Services tant que nous ne vous aurons pas confirm\u00e9 par e-mail ou SMS par t\u00e9l\u00e9phone portable les d\u00e9tails de votre commande, la valeur de votre commande et les Services (le cas \u00e9ch\u00e9ant) que vous avez achet\u00e9s. <\/td><\/tr><tr><td><br><strong>11. Coordonn\u00e9es<\/strong><br> Les questions sur les conditions g\u00e9n\u00e9rales doivent nous \u00eatre envoy\u00e9es par e-mail \u00e0 <a rel=\"noreferrer noopener\" aria-label=\"info@koza-yoga.com (s\u2019ouvre dans un nouvel onglet)\" href=\"mailto:info@koza-yoga.com\" target=\"_blank\">info@koza-yoga.com<\/a>. <\/td><\/tr><\/tbody><\/table><\/figure>\n","protected":false},"excerpt":{"rendered":"<p>Termes et conditions Objet, mentions l\u00e9gales et d\u00e9finitions &nbsp;Ce site est d\u00e9tenu et exploit\u00e9 par Koza Yoga, entreprise enregistr\u00e9e sous le SIREN 853 630 747, enregistr\u00e9e en France. Dans les conditions g\u00e9n\u00e9rales et sur l&rsquo;ensemble du site Web, les d\u00e9finitions suivantes s&rsquo;appliquent : &nbsp;&#8211; les termes \u00ab&nbsp;Koza Yoga&nbsp;\u00bb, \u00abnous\u00bb et&nbsp; \u00abnos\u00bb font r\u00e9f\u00e9rence \u00e0 Koza<\/p>\n<div><a class=\"btn-filled btn\" href=\"https:\/\/koza-yoga.com\/index.php\/fr\/termes-et-conditions\/\" title=\"Termes et conditions\">Lire la suite<\/a><\/div>\n","protected":false},"author":1,"featured_media":0,"parent":0,"menu_order":0,"comment_status":"closed","ping_status":"closed","template":"page-templates\/full-width.php","meta":[],"_links":{"self":[{"href":"https:\/\/koza-yoga.com\/index.php\/wp-json\/wp\/v2\/pages\/1046"}],"collection":[{"href":"https:\/\/koza-yoga.com\/index.php\/wp-json\/wp\/v2\/pages"}],"about":[{"href":"https:\/\/koza-yoga.com\/index.php\/wp-json\/wp\/v2\/types\/page"}],"author":[{"embeddable":true,"href":"https:\/\/koza-yoga.com\/index.php\/wp-json\/wp\/v2\/users\/1"}],"replies":[{"embeddable":true,"href":"https:\/\/koza-yoga.com\/index.php\/wp-json\/wp\/v2\/comments?post=1046"}],"version-history":[{"count":11,"href":"https:\/\/koza-yoga.com\/index.php\/wp-json\/wp\/v2\/pages\/1046\/revisions"}],"predecessor-version":[{"id":2093,"href":"https:\/\/koza-yoga.com\/index.php\/wp-json\/wp\/v2\/pages\/1046\/revisions\/2093"}],"wp:attachment":[{"href":"https:\/\/koza-yoga.com\/index.php\/wp-json\/wp\/v2\/media?parent=1046"}],"curies":[{"name":"wp","href":"https:\/\/api.w.org\/{rel}","templated":true}]}}